{"id":22768,"date":"2024-03-21T17:17:54","date_gmt":"2024-03-21T15:17:54","guid":{"rendered":"https:\/\/berenyisoft.com\/impresszum\/"},"modified":"2026-04-30T07:48:35","modified_gmt":"2026-04-30T05:48:35","slug":"impresszum","status":"publish","type":"page","link":"https:\/\/berenyisoft.com\/en\/impresszum\/","title":{"rendered":"Impresszum"},"content":{"rendered":"\t\t<div data-elementor-type=\"wp-page\" data-elementor-id=\"22768\" class=\"elementor elementor-22768 elementor-21129\" data-elementor-post-type=\"page\">\n\t\t\t\t\t\t<section class=\"elementor-section elementor-top-section elementor-element elementor-element-e36480a elementor-section-boxed elementor-section-height-default elementor-section-height-default\" data-id=\"e36480a\" data-element_type=\"section\" data-e-type=\"section\">\n\t\t\t\t\t\t<div class=\"elementor-container elementor-column-gap-default\">\n\t\t\t\t\t<div class=\"elementor-column elementor-col-100 elementor-top-column elementor-element elementor-element-64e8399\" data-id=\"64e8399\" data-element_type=\"column\" data-e-type=\"column\">\n\t\t\t<div class=\"elementor-widget-wrap elementor-element-populated\">\n\t\t\t\t\t\t<div class=\"elementor-element elementor-element-46dd3a0 elementor-widget elementor-widget-heading\" data-id=\"46dd3a0\" data-element_type=\"widget\" data-e-type=\"widget\" data-widget_type=\"heading.default\">\n\t\t\t\t<div class=\"elementor-widget-container\">\n\t\t\t\t\t<h1 class=\"elementor-heading-title elementor-size-default\">Ber\u00e9nyiSoftware Tan\u00e1csad\u00f3 \u00e9s Szolg\u00e1ltat\u00f3 Kft.<\/h1>\t\t\t\t<\/div>\n\t\t\t\t<\/div>\n\t\t\t\t\t<\/div>\n\t\t<\/div>\n\t\t\t\t\t<\/div>\n\t\t<\/section>\n\t\t\t\t<section class=\"elementor-section elementor-top-section elementor-element elementor-element-16c8d13 elementor-section-boxed elementor-section-height-default elementor-section-height-default\" data-id=\"16c8d13\" data-element_type=\"section\" data-e-type=\"section\">\n\t\t\t\t\t\t<div class=\"elementor-container elementor-column-gap-default\">\n\t\t\t\t\t<div class=\"elementor-column elementor-col-50 elementor-top-column elementor-element elementor-element-771a27b\" data-id=\"771a27b\" data-element_type=\"column\" data-e-type=\"column\">\n\t\t\t<div class=\"elementor-widget-wrap elementor-element-populated\">\n\t\t\t\t\t\t<div class=\"elementor-element elementor-element-4371064 e-transform elementor-invisible elementor-widget elementor-widget-image\" data-id=\"4371064\" data-element_type=\"widget\" data-e-type=\"widget\" data-settings=\"{&quot;_animation&quot;:&quot;zoomIn&quot;,&quot;_transform_translateX_effect&quot;:{&quot;unit&quot;:&quot;px&quot;,&quot;size&quot;:0,&quot;sizes&quot;:[]},&quot;motion_fx_motion_fx_scrolling&quot;:&quot;yes&quot;,&quot;_animation_delay&quot;:50,&quot;motion_fx_devices&quot;:[&quot;desktop&quot;,&quot;tablet&quot;,&quot;mobile&quot;],&quot;_transform_translateX_effect_tablet&quot;:{&quot;unit&quot;:&quot;px&quot;,&quot;size&quot;:&quot;&quot;,&quot;sizes&quot;:[]},&quot;_transform_translateX_effect_mobile&quot;:{&quot;unit&quot;:&quot;px&quot;,&quot;size&quot;:&quot;&quot;,&quot;sizes&quot;:[]},&quot;_transform_translateY_effect&quot;:{&quot;unit&quot;:&quot;px&quot;,&quot;size&quot;:&quot;&quot;,&quot;sizes&quot;:[]},&quot;_transform_translateY_effect_tablet&quot;:{&quot;unit&quot;:&quot;px&quot;,&quot;size&quot;:&quot;&quot;,&quot;sizes&quot;:[]},&quot;_transform_translateY_effect_mobile&quot;:{&quot;unit&quot;:&quot;px&quot;,&quot;size&quot;:&quot;&quot;,&quot;sizes&quot;:[]}}\" data-widget_type=\"image.default\">\n\t\t\t\t<div class=\"elementor-widget-container\">\n\t\t\t\t\t\t\t\t\t\t\t\t\t\t\t\t<a href=\"https:\/\/berenyisoft.com\/mikromenedzser\/\">\n\t\t\t\t\t\t\t<img fetchpriority=\"high\" decoding=\"async\" width=\"980\" height=\"655\" src=\"https:\/\/berenyisoft.com\/wp-content\/uploads\/2025\/03\/Berenyisoft-1024x684.jpg\" class=\"attachment-large size-large wp-image-37085\" alt=\"BerenyiSoft\" srcset=\"https:\/\/berenyisoft.com\/wp-content\/uploads\/2025\/03\/Berenyisoft-1024x684.jpg 1024w, https:\/\/berenyisoft.com\/wp-content\/uploads\/2025\/03\/Berenyisoft-300x200.jpg 300w, https:\/\/berenyisoft.com\/wp-content\/uploads\/2025\/03\/Berenyisoft-768x513.jpg 768w, https:\/\/berenyisoft.com\/wp-content\/uploads\/2025\/03\/Berenyisoft-1536x1025.jpg 1536w, https:\/\/berenyisoft.com\/wp-content\/uploads\/2025\/03\/Berenyisoft-2048x1367.jpg 2048w\" sizes=\"(max-width: 980px) 100vw, 980px\" \/>\t\t\t\t\t\t\t\t<\/a>\n\t\t\t\t\t\t\t\t\t\t\t\t\t\t\t<\/div>\n\t\t\t\t<\/div>\n\t\t\t\t\t<\/div>\n\t\t<\/div>\n\t\t\t\t<div class=\"elementor-column elementor-col-50 elementor-top-column elementor-element elementor-element-e97e37b\" data-id=\"e97e37b\" data-element_type=\"column\" data-e-type=\"column\">\n\t\t\t<div class=\"elementor-widget-wrap elementor-element-populated\">\n\t\t\t\t\t\t<div class=\"elementor-element elementor-element-11790a6 animated-slow elementor-invisible elementor-widget elementor-widget-text-editor\" data-id=\"11790a6\" data-element_type=\"widget\" data-e-type=\"widget\" data-settings=\"{&quot;_animation&quot;:&quot;zoomIn&quot;}\" data-widget_type=\"text-editor.default\">\n\t\t\t\t<div class=\"elementor-widget-container\">\n\t\t\t\t\t\t\t\t\t<section class=\"elementor-section elementor-top-section elementor-element elementor-element-54cdede elementor-section-boxed elementor-section-height-default elementor-section-height-default\" data-id=\"54cdede\" data-element_type=\"section\"><div class=\"elementor-container elementor-column-gap-default\"><div class=\"elementor-column elementor-col-100 elementor-top-column elementor-element elementor-element-ab9f91a\" data-id=\"ab9f91a\" data-element_type=\"column\"><div class=\"elementor-widget-wrap elementor-element-populated\"><div class=\"elementor-element elementor-element-6ce3e55 elementor-widget elementor-widget-text-editor\" data-id=\"6ce3e55\" data-element_type=\"widget\" data-widget_type=\"text-editor.default\"><div class=\"elementor-widget-container\"><p style=\"text-align: center;\"><span style=\"font-family: helvetica, arial, sans-serif; font-size: 14pt;\"><span style=\"font-size: 18pt;\"><strong>C\u00edm:<\/strong> 2724 \u00dajlengyel, Pet\u0151fi S\u00e1ndor utca 48<br \/><strong>C\u00e9gjegyz\u00e9ksz\u00e1m:<\/strong> 13-09-245641<br \/><strong>Ad\u00f3sz\u00e1m:<\/strong> 26320353-2-13<br \/><\/span><\/span><span style=\"font-family: helvetica, arial, sans-serif; font-size: 14pt;\"><span style=\"font-size: 18pt;\"><strong>Kamarai nyilv\u00e1ntart\u00e1si sz\u00e1ma: <\/strong>CS26320353<br \/><\/span><\/span><span style=\"font-family: helvetica, arial, sans-serif; font-size: 14pt;\"><span style=\"font-size: 18pt;\"><strong>Bank:<br \/><\/strong>OTP Bank Nyrt. 11711010 21462243<br \/>BinX: 30400001 00000000 60373508<br \/>E-p\u00e9nz sz\u00e1mla azonos\u00edt\u00f3: 60373508<br \/><\/span><\/span><\/p><\/div><\/div><\/div><\/div><\/div><\/section>\t\t\t\t\t\t\t\t<\/div>\n\t\t\t\t<\/div>\n\t\t\t\t\t<\/div>\n\t\t<\/div>\n\t\t\t\t\t<\/div>\n\t\t<\/section>\n\t\t\t\t<section class=\"elementor-section elementor-top-section elementor-element elementor-element-50b5372 elementor-section-boxed elementor-section-height-default elementor-section-height-default\" data-id=\"50b5372\" data-element_type=\"section\" data-e-type=\"section\">\n\t\t\t\t\t\t<div class=\"elementor-container elementor-column-gap-default\">\n\t\t\t\t\t<div class=\"elementor-column elementor-col-100 elementor-top-column elementor-element elementor-element-da467df\" data-id=\"da467df\" data-element_type=\"column\" data-e-type=\"column\">\n\t\t\t<div class=\"elementor-widget-wrap elementor-element-populated\">\n\t\t\t\t\t\t<div class=\"elementor-element elementor-element-f7c9cab elementor-widget elementor-widget-spacer\" data-id=\"f7c9cab\" data-element_type=\"widget\" data-e-type=\"widget\" data-widget_type=\"spacer.default\">\n\t\t\t\t<div class=\"elementor-widget-container\">\n\t\t\t\t\t\t\t<div class=\"elementor-spacer\">\n\t\t\t<div class=\"elementor-spacer-inner\"><\/div>\n\t\t<\/div>\n\t\t\t\t\t\t<\/div>\n\t\t\t\t<\/div>\n\t\t\t\t\t<\/div>\n\t\t<\/div>\n\t\t\t\t\t<\/div>\n\t\t<\/section>\n\t\t\t\t<section class=\"elementor-section elementor-top-section elementor-element elementor-element-cef58a0 elementor-reverse-tablet elementor-reverse-mobile elementor-section-boxed elementor-section-height-default elementor-section-height-default\" data-id=\"cef58a0\" data-element_type=\"section\" data-e-type=\"section\">\n\t\t\t\t\t\t<div class=\"elementor-container elementor-column-gap-default\">\n\t\t\t\t\t<div class=\"elementor-column elementor-col-50 elementor-top-column elementor-element elementor-element-e5716e9\" data-id=\"e5716e9\" data-element_type=\"column\" data-e-type=\"column\">\n\t\t\t<div class=\"elementor-widget-wrap elementor-element-populated\">\n\t\t\t\t\t\t<div class=\"elementor-element elementor-element-a56e831 animated-slow elementor-invisible elementor-widget elementor-widget-text-editor\" data-id=\"a56e831\" data-element_type=\"widget\" data-e-type=\"widget\" data-settings=\"{&quot;_animation&quot;:&quot;zoomIn&quot;}\" data-widget_type=\"text-editor.default\">\n\t\t\t\t<div class=\"elementor-widget-container\">\n\t\t\t\t\t\t\t\t\t<section class=\"elementor-section elementor-top-section elementor-element elementor-element-b55174d elementor-section-boxed elementor-section-height-default elementor-section-height-default\" data-id=\"b55174d\" data-element_type=\"section\"><div class=\"elementor-container elementor-column-gap-default\"><div class=\"elementor-column elementor-col-100 elementor-top-column elementor-element elementor-element-8864938\" data-id=\"8864938\" data-element_type=\"column\"><div class=\"elementor-widget-wrap elementor-element-populated\"><div class=\"elementor-element elementor-element-2a5074b elementor-widget elementor-widget-heading\" data-id=\"2a5074b\" data-element_type=\"widget\" data-widget_type=\"heading.default\"><h2 class=\"elementor-widget-container\" style=\"text-align: center;\"><strong><span style=\"font-size: 24pt;\">Webt\u00e1rhely szolg\u00e1ltat\u00f3 adatai<\/span><\/strong><\/h2><\/div><\/div><\/div><\/div><\/section>\t\t\t\t\t\t\t\t<\/div>\n\t\t\t\t<\/div>\n\t\t\t\t<div class=\"elementor-element elementor-element-42997a0 animated-slow elementor-invisible elementor-widget elementor-widget-text-editor\" data-id=\"42997a0\" data-element_type=\"widget\" data-e-type=\"widget\" data-settings=\"{&quot;_animation&quot;:&quot;zoomIn&quot;}\" data-widget_type=\"text-editor.default\">\n\t\t\t\t<div class=\"elementor-widget-container\">\n\t\t\t\t\t\t\t\t\t<section class=\"elementor-section elementor-top-section elementor-element elementor-element-54cdede elementor-section-boxed elementor-section-height-default elementor-section-height-default\" data-id=\"54cdede\" data-element_type=\"section\"><div class=\"elementor-container elementor-column-gap-default\"><div class=\"elementor-column elementor-col-100 elementor-top-column elementor-element elementor-element-ab9f91a\" data-id=\"ab9f91a\" data-element_type=\"column\"><div class=\"elementor-widget-wrap elementor-element-populated\"><div class=\"elementor-element elementor-element-6ce3e55 elementor-widget elementor-widget-text-editor\" data-id=\"6ce3e55\" data-element_type=\"widget\" data-widget_type=\"text-editor.default\"><div class=\"elementor-widget-container\"><p style=\"text-align: center;\"><span style=\"font-family: helvetica, arial, sans-serif; font-size: 14pt;\"><span style=\"font-size: 18pt;\"><strong>C\u00e9gn\u00e9v:<\/strong> ICON M\u00c9DIA Kft.<br \/><strong>Sz\u00e9khely:<\/strong> 6000 Kecskem\u00e9t, Cs\u00f3ka u. 26.<br \/><strong>Webc\u00edm<a href=\"https:\/\/webdigital.hu\/\">:<\/a><\/strong><a href=\"https:\/\/webdigital.hu\/\"> https:\/\/webdigital.hu\/<\/a><br \/><strong>El\u00e9rhet\u0151s\u00e9g:<\/strong> <a href=\"mailto:info@webdigital.hu\" data-wplink-edit=\"true\">info@webdigital.hu<\/a><\/span><br \/><\/span><\/p><\/div><\/div><\/div><\/div><\/div><\/section>\t\t\t\t\t\t\t\t<\/div>\n\t\t\t\t<\/div>\n\t\t\t\t\t<\/div>\n\t\t<\/div>\n\t\t\t\t<div class=\"elementor-column elementor-col-50 elementor-top-column elementor-element elementor-element-16c395e\" data-id=\"16c395e\" data-element_type=\"column\" data-e-type=\"column\">\n\t\t\t<div class=\"elementor-widget-wrap elementor-element-populated\">\n\t\t\t\t\t\t<div class=\"elementor-element elementor-element-58f4b7d e-transform elementor-invisible elementor-widget elementor-widget-image\" data-id=\"58f4b7d\" data-element_type=\"widget\" data-e-type=\"widget\" data-settings=\"{&quot;_animation&quot;:&quot;zoomIn&quot;,&quot;_transform_translateX_effect&quot;:{&quot;unit&quot;:&quot;px&quot;,&quot;size&quot;:0,&quot;sizes&quot;:[]},&quot;motion_fx_motion_fx_scrolling&quot;:&quot;yes&quot;,&quot;_animation_delay&quot;:50,&quot;motion_fx_devices&quot;:[&quot;desktop&quot;,&quot;tablet&quot;,&quot;mobile&quot;],&quot;_transform_translateX_effect_tablet&quot;:{&quot;unit&quot;:&quot;px&quot;,&quot;size&quot;:&quot;&quot;,&quot;sizes&quot;:[]},&quot;_transform_translateX_effect_mobile&quot;:{&quot;unit&quot;:&quot;px&quot;,&quot;size&quot;:&quot;&quot;,&quot;sizes&quot;:[]},&quot;_transform_translateY_effect&quot;:{&quot;unit&quot;:&quot;px&quot;,&quot;size&quot;:&quot;&quot;,&quot;sizes&quot;:[]},&quot;_transform_translateY_effect_tablet&quot;:{&quot;unit&quot;:&quot;px&quot;,&quot;size&quot;:&quot;&quot;,&quot;sizes&quot;:[]},&quot;_transform_translateY_effect_mobile&quot;:{&quot;unit&quot;:&quot;px&quot;,&quot;size&quot;:&quot;&quot;,&quot;sizes&quot;:[]}}\" data-widget_type=\"image.default\">\n\t\t\t\t<div class=\"elementor-widget-container\">\n\t\t\t\t\t\t\t\t\t\t\t\t\t\t\t<img decoding=\"async\" width=\"980\" height=\"654\" src=\"https:\/\/berenyisoft.com\/wp-content\/uploads\/2025\/04\/integracio-meglevo-rendszerekkel-1024x683.jpg\" class=\"attachment-large size-large wp-image-39458\" alt=\"\" srcset=\"https:\/\/berenyisoft.com\/wp-content\/uploads\/2025\/04\/integracio-meglevo-rendszerekkel-1024x683.jpg 1024w, https:\/\/berenyisoft.com\/wp-content\/uploads\/2025\/04\/integracio-meglevo-rendszerekkel-300x200.jpg 300w, https:\/\/berenyisoft.com\/wp-content\/uploads\/2025\/04\/integracio-meglevo-rendszerekkel-768x512.jpg 768w, https:\/\/berenyisoft.com\/wp-content\/uploads\/2025\/04\/integracio-meglevo-rendszerekkel-1536x1024.jpg 1536w, https:\/\/berenyisoft.com\/wp-content\/uploads\/2025\/04\/integracio-meglevo-rendszerekkel-2048x1365.jpg 2048w\" sizes=\"(max-width: 980px) 100vw, 980px\" \/>\t\t\t\t\t\t\t\t\t\t\t\t\t\t\t<\/div>\n\t\t\t\t<\/div>\n\t\t\t\t\t<\/div>\n\t\t<\/div>\n\t\t\t\t\t<\/div>\n\t\t<\/section>\n\t\t\t\t<\/div>\n\t\t","protected":false},"excerpt":{"rendered":"<p>Ber\u00e9nyiSoftware Tan\u00e1csad\u00f3 \u00e9s Szolg\u00e1ltat\u00f3 Kft. C\u00edm: 2724 \u00dajlengyel, Pet\u0151fi S\u00e1ndor utca 48C\u00e9gjegyz\u00e9ksz\u00e1m: 13-09-245641Ad\u00f3sz\u00e1m: 26320353-2-13Kamarai nyilv\u00e1ntart\u00e1si sz\u00e1ma: CS26320353Bank:OTP Bank Nyrt. 11711010 21462243BinX: 30400001 00000000 60373508E-p\u00e9nz sz\u00e1mla azonos\u00edt\u00f3: 60373508 Webt\u00e1rhely szolg\u00e1ltat\u00f3 adatai C\u00e9gn\u00e9v: ICON M\u00c9DIA Kft.Sz\u00e9khely: 6000 Kecskem\u00e9t, Cs\u00f3ka u. 26.Webc\u00edm: https:\/\/webdigital.hu\/El\u00e9rhet\u0151s\u00e9g: info@webdigital.hu<\/p>\n","protected":false},"author":1,"featured_media":0,"parent":0,"menu_order":0,"comment_status":"closed","ping_status":"closed","template":"","meta":{"_monsterinsights_skip_tracking":false,"_monsterinsights_sitenote_active":false,"_monsterinsights_sitenote_note":"","_monsterinsights_sitenote_category":0,"footnotes":""},"class_list":["post-22768","page","type-page","status-publish","hentry"],"yoast_head":"<!-- This site is optimized with the Yoast SEO plugin v27.5 - https:\/\/yoast.com\/product\/yoast-seo-wordpress\/ -->\n<title>Impresszum - Ber\u00e9nyiSoft Kft.<\/title>\n<meta name=\"description\" content=\"Ber\u00e9nyiSoft Kft. - Impresszum\" \/>\n<meta name=\"robots\" content=\"index, follow, max-snippet:-1, max-image-preview:large, max-video-preview:-1\" \/>\n<link rel=\"canonical\" href=\"https:\/\/berenyisoft.com\/en\/impresszum\/\" \/>\n<meta property=\"og:locale\" content=\"en_US\" \/>\n<meta property=\"og:type\" content=\"article\" \/>\n<meta property=\"og:title\" content=\"Impresszum - Ber\u00e9nyiSoft Kft.\" \/>\n<meta property=\"og:description\" content=\"Ber\u00e9nyiSoft Kft. - Impresszum\" \/>\n<meta property=\"og:url\" content=\"https:\/\/berenyisoft.com\/en\/impresszum\/\" \/>\n<meta property=\"og:site_name\" content=\"Ber\u00e9nyiSoft Kft.\" \/>\n<meta property=\"article:publisher\" content=\"https:\/\/www.facebook.com\/berenyisoftware\/\" \/>\n<meta property=\"article:modified_time\" content=\"2026-04-30T05:48:35+00:00\" \/>\n<meta property=\"og:image\" content=\"https:\/\/berenyisoft.com\/wp-content\/uploads\/2025\/03\/Berenyisoft.jpg\" \/>\n\t<meta property=\"og:image:width\" content=\"2506\" \/>\n\t<meta property=\"og:image:height\" content=\"1673\" \/>\n\t<meta property=\"og:image:type\" content=\"image\/jpeg\" \/>\n<meta name=\"twitter:card\" content=\"summary_large_image\" \/>\n<meta name=\"twitter:label1\" content=\"Est. reading time\" \/>\n\t<meta name=\"twitter:data1\" content=\"1 minute\" \/>\n<script type=\"application\/ld+json\" class=\"yoast-schema-graph\">{\"@context\":\"https:\\\/\\\/schema.org\",\"@graph\":[{\"@type\":\"WebPage\",\"@id\":\"https:\\\/\\\/berenyisoft.com\\\/en\\\/impresszum\\\/\",\"url\":\"https:\\\/\\\/berenyisoft.com\\\/en\\\/impresszum\\\/\",\"name\":\"Impresszum - Ber\u00e9nyiSoft Kft.\",\"isPartOf\":{\"@id\":\"https:\\\/\\\/berenyisoft.com\\\/en\\\/#website\"},\"primaryImageOfPage\":{\"@id\":\"https:\\\/\\\/berenyisoft.com\\\/en\\\/impresszum\\\/#primaryimage\"},\"image\":{\"@id\":\"https:\\\/\\\/berenyisoft.com\\\/en\\\/impresszum\\\/#primaryimage\"},\"thumbnailUrl\":\"https:\\\/\\\/berenyisoft.com\\\/wp-content\\\/uploads\\\/2025\\\/03\\\/Berenyisoft-1024x684.jpg\",\"datePublished\":\"2024-03-21T15:17:54+00:00\",\"dateModified\":\"2026-04-30T05:48:35+00:00\",\"description\":\"Ber\u00e9nyiSoft Kft. - Impresszum\",\"breadcrumb\":{\"@id\":\"https:\\\/\\\/berenyisoft.com\\\/en\\\/impresszum\\\/#breadcrumb\"},\"inLanguage\":\"en-US\",\"potentialAction\":[{\"@type\":\"ReadAction\",\"target\":[\"https:\\\/\\\/berenyisoft.com\\\/en\\\/impresszum\\\/\"]}]},{\"@type\":\"ImageObject\",\"inLanguage\":\"en-US\",\"@id\":\"https:\\\/\\\/berenyisoft.com\\\/en\\\/impresszum\\\/#primaryimage\",\"url\":\"https:\\\/\\\/berenyisoft.com\\\/wp-content\\\/uploads\\\/2025\\\/03\\\/Berenyisoft-1024x684.jpg\",\"contentUrl\":\"https:\\\/\\\/berenyisoft.com\\\/wp-content\\\/uploads\\\/2025\\\/03\\\/Berenyisoft-1024x684.jpg\"},{\"@type\":\"BreadcrumbList\",\"@id\":\"https:\\\/\\\/berenyisoft.com\\\/en\\\/impresszum\\\/#breadcrumb\",\"itemListElement\":[{\"@type\":\"ListItem\",\"position\":1,\"name\":\"Home\",\"item\":\"https:\\\/\\\/berenyisoft.com\\\/en\\\/\"},{\"@type\":\"ListItem\",\"position\":2,\"name\":\"Impresszum\"}]},{\"@type\":\"WebSite\",\"@id\":\"https:\\\/\\\/berenyisoft.com\\\/en\\\/#website\",\"url\":\"https:\\\/\\\/berenyisoft.com\\\/en\\\/\",\"name\":\"Ber\u00e9nyiSoft Kft.\",\"description\":\"Egyedi szoftvermegold\u00e1sok, \u00fczleti sikerre tervezve.\",\"publisher\":{\"@id\":\"https:\\\/\\\/berenyisoft.com\\\/en\\\/#organization\"},\"potentialAction\":[{\"@type\":\"SearchAction\",\"target\":{\"@type\":\"EntryPoint\",\"urlTemplate\":\"https:\\\/\\\/berenyisoft.com\\\/en\\\/?s={search_term_string}\"},\"query-input\":{\"@type\":\"PropertyValueSpecification\",\"valueRequired\":true,\"valueName\":\"search_term_string\"}}],\"inLanguage\":\"en-US\"},{\"@type\":\"Organization\",\"@id\":\"https:\\\/\\\/berenyisoft.com\\\/en\\\/#organization\",\"name\":\"BerenyiSoft Kft.\",\"url\":\"https:\\\/\\\/berenyisoft.com\\\/en\\\/\",\"logo\":{\"@type\":\"ImageObject\",\"inLanguage\":\"en-US\",\"@id\":\"https:\\\/\\\/berenyisoft.com\\\/en\\\/#\\\/schema\\\/logo\\\/image\\\/\",\"url\":\"https:\\\/\\\/berenyisoft.com\\\/wp-content\\\/uploads\\\/2019\\\/02\\\/BerenyiShop.png\",\"contentUrl\":\"https:\\\/\\\/berenyisoft.com\\\/wp-content\\\/uploads\\\/2019\\\/02\\\/BerenyiShop.png\",\"width\":300,\"height\":300,\"caption\":\"BerenyiSoft Kft.\"},\"image\":{\"@id\":\"https:\\\/\\\/berenyisoft.com\\\/en\\\/#\\\/schema\\\/logo\\\/image\\\/\"},\"sameAs\":[\"https:\\\/\\\/www.facebook.com\\\/berenyisoftware\\\/\",\"https:\\\/\\\/www.instagram.com\\\/berenyisoftware\\\/\",\"https:\\\/\\\/www.linkedin.com\\\/in\\\/berenyiimre\\\/\"]}]}<\/script>\n<!-- \/ Yoast SEO plugin. -->","yoast_head_json":{"title":"Impresszum - Ber\u00e9nyiSoft Kft.","description":"Ber\u00e9nyiSoft Kft. - Impresszum","robots":{"index":"index","follow":"follow","max-snippet":"max-snippet:-1","max-image-preview":"max-image-preview:large","max-video-preview":"max-video-preview:-1"},"canonical":"https:\/\/berenyisoft.com\/en\/impresszum\/","og_locale":"en_US","og_type":"article","og_title":"Impresszum - Ber\u00e9nyiSoft Kft.","og_description":"Ber\u00e9nyiSoft Kft. - Impresszum","og_url":"https:\/\/berenyisoft.com\/en\/impresszum\/","og_site_name":"Ber\u00e9nyiSoft Kft.","article_publisher":"https:\/\/www.facebook.com\/berenyisoftware\/","article_modified_time":"2026-04-30T05:48:35+00:00","og_image":[{"width":2506,"height":1673,"url":"https:\/\/berenyisoft.com\/wp-content\/uploads\/2025\/03\/Berenyisoft.jpg","type":"image\/jpeg"}],"twitter_card":"summary_large_image","twitter_misc":{"Est. reading time":"1 minute"},"schema":{"@context":"https:\/\/schema.org","@graph":[{"@type":"WebPage","@id":"https:\/\/berenyisoft.com\/en\/impresszum\/","url":"https:\/\/berenyisoft.com\/en\/impresszum\/","name":"Impresszum - Ber\u00e9nyiSoft Kft.","isPartOf":{"@id":"https:\/\/berenyisoft.com\/en\/#website"},"primaryImageOfPage":{"@id":"https:\/\/berenyisoft.com\/en\/impresszum\/#primaryimage"},"image":{"@id":"https:\/\/berenyisoft.com\/en\/impresszum\/#primaryimage"},"thumbnailUrl":"https:\/\/berenyisoft.com\/wp-content\/uploads\/2025\/03\/Berenyisoft-1024x684.jpg","datePublished":"2024-03-21T15:17:54+00:00","dateModified":"2026-04-30T05:48:35+00:00","description":"Ber\u00e9nyiSoft Kft. - Impresszum","breadcrumb":{"@id":"https:\/\/berenyisoft.com\/en\/impresszum\/#breadcrumb"},"inLanguage":"en-US","potentialAction":[{"@type":"ReadAction","target":["https:\/\/berenyisoft.com\/en\/impresszum\/"]}]},{"@type":"ImageObject","inLanguage":"en-US","@id":"https:\/\/berenyisoft.com\/en\/impresszum\/#primaryimage","url":"https:\/\/berenyisoft.com\/wp-content\/uploads\/2025\/03\/Berenyisoft-1024x684.jpg","contentUrl":"https:\/\/berenyisoft.com\/wp-content\/uploads\/2025\/03\/Berenyisoft-1024x684.jpg"},{"@type":"BreadcrumbList","@id":"https:\/\/berenyisoft.com\/en\/impresszum\/#breadcrumb","itemListElement":[{"@type":"ListItem","position":1,"name":"Home","item":"https:\/\/berenyisoft.com\/en\/"},{"@type":"ListItem","position":2,"name":"Impresszum"}]},{"@type":"WebSite","@id":"https:\/\/berenyisoft.com\/en\/#website","url":"https:\/\/berenyisoft.com\/en\/","name":"Ber\u00e9nyiSoft Kft.","description":"Egyedi szoftvermegold\u00e1sok, \u00fczleti sikerre tervezve.","publisher":{"@id":"https:\/\/berenyisoft.com\/en\/#organization"},"potentialAction":[{"@type":"SearchAction","target":{"@type":"EntryPoint","urlTemplate":"https:\/\/berenyisoft.com\/en\/?s={search_term_string}"},"query-input":{"@type":"PropertyValueSpecification","valueRequired":true,"valueName":"search_term_string"}}],"inLanguage":"en-US"},{"@type":"Organization","@id":"https:\/\/berenyisoft.com\/en\/#organization","name":"BerenyiSoft Kft.","url":"https:\/\/berenyisoft.com\/en\/","logo":{"@type":"ImageObject","inLanguage":"en-US","@id":"https:\/\/berenyisoft.com\/en\/#\/schema\/logo\/image\/","url":"https:\/\/berenyisoft.com\/wp-content\/uploads\/2019\/02\/BerenyiShop.png","contentUrl":"https:\/\/berenyisoft.com\/wp-content\/uploads\/2019\/02\/BerenyiShop.png","width":300,"height":300,"caption":"BerenyiSoft Kft."},"image":{"@id":"https:\/\/berenyisoft.com\/en\/#\/schema\/logo\/image\/"},"sameAs":["https:\/\/www.facebook.com\/berenyisoftware\/","https:\/\/www.instagram.com\/berenyisoftware\/","https:\/\/www.linkedin.com\/in\/berenyiimre\/"]}]}},"_links":{"self":[{"href":"https:\/\/berenyisoft.com\/en\/wp-json\/wp\/v2\/pages\/22768","targetHints":{"allow":["GET"]}}],"collection":[{"href":"https:\/\/berenyisoft.com\/en\/wp-json\/wp\/v2\/pages"}],"about":[{"href":"https:\/\/berenyisoft.com\/en\/wp-json\/wp\/v2\/types\/page"}],"author":[{"embeddable":true,"href":"https:\/\/berenyisoft.com\/en\/wp-json\/wp\/v2\/users\/1"}],"replies":[{"embeddable":true,"href":"https:\/\/berenyisoft.com\/en\/wp-json\/wp\/v2\/comments?post=22768"}],"version-history":[{"count":21,"href":"https:\/\/berenyisoft.com\/en\/wp-json\/wp\/v2\/pages\/22768\/revisions"}],"predecessor-version":[{"id":50616,"href":"https:\/\/berenyisoft.com\/en\/wp-json\/wp\/v2\/pages\/22768\/revisions\/50616"}],"wp:attachment":[{"href":"https:\/\/berenyisoft.com\/en\/wp-json\/wp\/v2\/media?parent=22768"}],"curies":[{"name":"wp","href":"https:\/\/api.w.org\/{rel}","templated":true}]}}