{"id":22772,"date":"2024-03-03T11:24:26","date_gmt":"2024-03-03T09:24:26","guid":{"rendered":"https:\/\/berenyisoft.com\/berenyisoft-hirek\/"},"modified":"2024-11-29T08:56:33","modified_gmt":"2024-11-29T06:56:33","slug":"berenyisoftnews","status":"publish","type":"page","link":"https:\/\/berenyisoft.com\/en\/berenyisoftnews\/","title":{"rendered":"BerenyiSoft News"},"content":{"rendered":"\t\t<div data-elementor-type=\"wp-page\" data-elementor-id=\"22772\" class=\"elementor elementor-22772 elementor-19811\" data-elementor-post-type=\"page\">\n\t\t\t\t\t\t<section class=\"elementor-section elementor-top-section elementor-element elementor-element-c465548 elementor-section-boxed elementor-section-height-default elementor-section-height-default\" data-id=\"c465548\" data-element_type=\"section\" data-e-type=\"section\">\n\t\t\t\t\t\t<div class=\"elementor-container elementor-column-gap-default\">\n\t\t\t\t\t<div class=\"elementor-column elementor-col-100 elementor-top-column elementor-element elementor-element-a73cf9c\" data-id=\"a73cf9c\" data-element_type=\"column\" data-e-type=\"column\">\n\t\t\t<div class=\"elementor-widget-wrap elementor-element-populated\">\n\t\t\t\t\t\t<div class=\"elementor-element elementor-element-3839995 elementor-grid-1 elementor-posts--thumbnail-none elementor-grid-tablet-2 elementor-grid-mobile-1 elementor-widget elementor-widget-posts\" data-id=\"3839995\" data-element_type=\"widget\" data-e-type=\"widget\" data-settings=\"{&quot;pagination_type&quot;:&quot;numbers_and_prev_next&quot;,&quot;classic_columns&quot;:&quot;1&quot;,&quot;classic_columns_tablet&quot;:&quot;2&quot;,&quot;classic_columns_mobile&quot;:&quot;1&quot;,&quot;classic_row_gap&quot;:{&quot;unit&quot;:&quot;px&quot;,&quot;size&quot;:35,&quot;sizes&quot;:[]},&quot;classic_row_gap_tablet&quot;:{&quot;unit&quot;:&quot;px&quot;,&quot;size&quot;:&quot;&quot;,&quot;sizes&quot;:[]},&quot;classic_row_gap_mobile&quot;:{&quot;unit&quot;:&quot;px&quot;,&quot;size&quot;:&quot;&quot;,&quot;sizes&quot;:[]}}\" data-widget_type=\"posts.classic\">\n\t\t\t\t<div class=\"elementor-widget-container\">\n\t\t\t\t\t\t\t<div class=\"elementor-posts-container elementor-posts elementor-posts--skin-classic elementor-grid\" role=\"list\">\n\t\t\t\t<article class=\"elementor-post elementor-grid-item post-49043 post type-post status-publish format-standard hentry category-uncategorized tag-ai-az-uzleti-strategiaban tag-ai-in-business-strategy tag-artificial-intelligence tag-berenyisoft-kft-en tag-berenyisoft-ltd tag-business-innovation tag-corporate-digitalization tag-mesterseges-intelligencia-en tag-uzleti-innovacio-en tag-vallalati-digitalizacio-en\" role=\"listitem\">\n\t\t\t\t<div class=\"elementor-post__text\">\n\t\t\t\t<h2 class=\"elementor-post__title\">\n\t\t\t<a href=\"https:\/\/berenyisoft.com\/en\/ai-in-business-and-corporate-strategy\/\" >\n\t\t\t\tAI in business and corporate strategy\t\t\t<\/a>\n\t\t<\/h2>\n\t\t\t\t<div class=\"elementor-post__meta-data\">\n\t\t\t\t\t<span class=\"elementor-post-date\">\n\t\t\t2025.10.29.\t\t<\/span>\n\t\t\t\t<\/div>\n\t\t\t\t<div class=\"elementor-post__excerpt\">\n\t\t\t<p>AI in business and corporate strategy Intelligentsolutions For the business successes of the future! Contact Today, artificial intelligence is not just a technological innovation but<\/p>\n\t\t<\/div>\n\t\t\n\t\t<a class=\"elementor-post__read-more\" href=\"https:\/\/berenyisoft.com\/en\/ai-in-business-and-corporate-strategy\/\" aria-label=\"Read more about AI in business and corporate strategy\" tabindex=\"-1\" >\n\t\t\tContinue reading \u00bb\t\t<\/a>\n\n\t\t\t\t<\/div>\n\t\t\t\t<\/article>\n\t\t\t\t<article class=\"elementor-post elementor-grid-item post-49042 post type-post status-publish format-standard hentry category-uncategorized tag-ai-megoldasok-en tag-ai-solutions tag-artificial-intelligence tag-berenyisoft-kft-en tag-berenyisoft-ltd tag-chatgpt-integracio tag-chatgpt-integration tag-corporate-systems tag-mesterseges-intelligencia-en tag-vallalati-rendszerek-en\" role=\"listitem\">\n\t\t\t\t<div class=\"elementor-post__text\">\n\t\t\t\t<h2 class=\"elementor-post__title\">\n\t\t\t<a href=\"https:\/\/berenyisoft.com\/en\/chatgpt-integration-into-corporate-systems\/\" >\n\t\t\t\tChatGPT integration into corporate systems\t\t\t<\/a>\n\t\t<\/h2>\n\t\t\t\t<div class=\"elementor-post__meta-data\">\n\t\t\t\t\t<span class=\"elementor-post-date\">\n\t\t\t2025.10.29.\t\t<\/span>\n\t\t\t\t<\/div>\n\t\t\t\t<div class=\"elementor-post__excerpt\">\n\t\t\t<p>ChatGPT integration into corporate systems Intelligentcommunication! The new foundation of corporate efficiency! Contact Artificial intelligence has become an essential part of corporate operations today. Modern<\/p>\n\t\t<\/div>\n\t\t\n\t\t<a class=\"elementor-post__read-more\" href=\"https:\/\/berenyisoft.com\/en\/chatgpt-integration-into-corporate-systems\/\" aria-label=\"Read more about ChatGPT integration into corporate systems\" tabindex=\"-1\" >\n\t\t\tContinue reading \u00bb\t\t<\/a>\n\n\t\t\t\t<\/div>\n\t\t\t\t<\/article>\n\t\t\t\t<article class=\"elementor-post elementor-grid-item post-49041 post type-post status-publish format-standard hentry category-uncategorized tag-adatbiztonsag-en tag-ai-megoldasok-en tag-ai-solutions tag-artificial-intelligence tag-berenyisoft-kft-en tag-berenyisoft-ltd tag-data-security tag-mesterseges-intelligencia-en tag-privat-mi tag-private-ai\" role=\"listitem\">\n\t\t\t\t<div class=\"elementor-post__text\">\n\t\t\t\t<h2 class=\"elementor-post__title\">\n\t\t\t<a href=\"https:\/\/berenyisoft.com\/en\/private-ai-services\/\" >\n\t\t\t\tPrivate AI services\t\t\t<\/a>\n\t\t<\/h2>\n\t\t\t\t<div class=\"elementor-post__meta-data\">\n\t\t\t\t\t<span class=\"elementor-post-date\">\n\t\t\t2025.10.29.\t\t<\/span>\n\t\t\t\t<\/div>\n\t\t\t\t<div class=\"elementor-post__excerpt\">\n\t\t\t<p>Private AI services Secure intelligence! Full control overyour data! Contact Artificial intelligence is revolutionizing the business world, but for many companies, the greatest challenge lies<\/p>\n\t\t<\/div>\n\t\t\n\t\t<a class=\"elementor-post__read-more\" href=\"https:\/\/berenyisoft.com\/en\/private-ai-services\/\" aria-label=\"Read more about Private AI services\" tabindex=\"-1\" >\n\t\t\tContinue reading \u00bb\t\t<\/a>\n\n\t\t\t\t<\/div>\n\t\t\t\t<\/article>\n\t\t\t\t<article class=\"elementor-post elementor-grid-item post-48510 post type-post status-publish format-standard hentry category-ai-mesterseges-intelligencia category-uncategorized tag-ai-koncepcioalkotas-en tag-berenyisoft-kft-en tag-digitalis-strategia-en tag-mesterseges-intelligencia-en tag-uzleti-innovacio-en\" role=\"listitem\">\n\t\t\t\t<div class=\"elementor-post__text\">\n\t\t\t\t<h2 class=\"elementor-post__title\">\n\t\t\t<a href=\"https:\/\/berenyisoft.com\/en\/ai-koncepcioalkotas-jovot-formalo-otletek-uzleti-sikerhez\/\" >\n\t\t\t\tAI Koncepci\u00f3alkot\u00e1s &#8211; J\u00f6v\u0151t form\u00e1l\u00f3 \u00f6tletek \u00fczleti sikerhez!\t\t\t<\/a>\n\t\t<\/h2>\n\t\t\t\t<div class=\"elementor-post__meta-data\">\n\t\t\t\t\t<span class=\"elementor-post-date\">\n\t\t\t2025.09.08.\t\t<\/span>\n\t\t\t\t<\/div>\n\t\t\t\t<div class=\"elementor-post__excerpt\">\n\t\t\t<p>AI Koncepci\u00f3alkot\u00e1s &#8211; J\u00f6v\u0151t form\u00e1l\u00f3 \u00f6tletek \u00fczleti sikerhez! \u00d6tletekb\u0151l intelligens megold\u00e1sok sz\u00fcletnek! Amelyek megalapozz\u00e1k a j\u00f6v\u0151 innovat\u00edv fejleszt\u00e9seit! Kapcsolat A Ber\u00e9nyiSoft Kft. elk\u00f6telezetten seg\u00edti \u00fcgyfeleit<\/p>\n\t\t<\/div>\n\t\t\n\t\t<a class=\"elementor-post__read-more\" href=\"https:\/\/berenyisoft.com\/en\/ai-koncepcioalkotas-jovot-formalo-otletek-uzleti-sikerhez\/\" aria-label=\"Read more about AI Koncepci\u00f3alkot\u00e1s &#8211; J\u00f6v\u0151t form\u00e1l\u00f3 \u00f6tletek \u00fczleti sikerhez!\" tabindex=\"-1\" >\n\t\t\tContinue reading \u00bb\t\t<\/a>\n\n\t\t\t\t<\/div>\n\t\t\t\t<\/article>\n\t\t\t\t<article class=\"elementor-post elementor-grid-item post-47630 post type-post status-publish format-standard hentry category-iparagi-megoldasok category-uncategorized tag-administrative-software tag-autoszerviz-program-en tag-car-repair-program tag-digital-service tag-digitalis-szerviz-en tag-enterprise-management tag-mikromenedzser-en tag-ugyviteli-szoftver-en tag-vallalatiranyitas-en\" role=\"listitem\">\n\t\t\t\t<div class=\"elementor-post__text\">\n\t\t\t\t<h2 class=\"elementor-post__title\">\n\t\t\t<a href=\"https:\/\/berenyisoft.com\/en\/car-repair-software-is-the-digital-leap\/\" >\n\t\t\t\tCar repair software is the digital leap!\t\t\t<\/a>\n\t\t<\/h2>\n\t\t\t\t<div class=\"elementor-post__meta-data\">\n\t\t\t\t\t<span class=\"elementor-post-date\">\n\t\t\t2025.07.06.\t\t<\/span>\n\t\t\t\t<\/div>\n\t\t\t\t<div class=\"elementor-post__excerpt\">\n\t\t\t<p>Car repair program the digital leap! Switch to online speed! Simply, smartly,efficiently! Contact The time for modernization has arrived in the world of car repair<\/p>\n\t\t<\/div>\n\t\t\n\t\t<a class=\"elementor-post__read-more\" href=\"https:\/\/berenyisoft.com\/en\/car-repair-software-is-the-digital-leap\/\" aria-label=\"Read more about Car repair software is the digital leap!\" tabindex=\"-1\" >\n\t\t\tContinue reading \u00bb\t\t<\/a>\n\n\t\t\t\t<\/div>\n\t\t\t\t<\/article>\n\t\t\t\t<\/div>\n\t\t\n\t\t\t\t<div class=\"e-load-more-anchor\" data-page=\"1\" data-max-page=\"138\" data-next-page=\"https:\/\/berenyisoft.com\/en\/wp-json\/wp\/v2\/pages\/22772\/page\/2\/\"><\/div>\n\t\t\t\t<nav class=\"elementor-pagination\" aria-label=\"Pagination\">\n\t\t\t<span class=\"page-numbers prev\">&laquo; Previous<\/span>\n<span aria-current=\"page\" class=\"page-numbers current\"><span class=\"elementor-screen-only\">Page<\/span>1<\/span>\n<a class=\"page-numbers\" href=\"https:\/\/berenyisoft.com\/en\/wp-json\/wp\/v2\/pages\/22772\/page\/2\/\"><span class=\"elementor-screen-only\">Page<\/span>2<\/a>\n<a class=\"page-numbers\" href=\"https:\/\/berenyisoft.com\/en\/wp-json\/wp\/v2\/pages\/22772\/page\/3\/\"><span class=\"elementor-screen-only\">Page<\/span>3<\/a>\n<span class=\"page-numbers dots\">&hellip;<\/span>\n<a class=\"page-numbers\" href=\"https:\/\/berenyisoft.com\/en\/wp-json\/wp\/v2\/pages\/22772\/page\/138\/\"><span class=\"elementor-screen-only\">Page<\/span>138<\/a>\n<a class=\"page-numbers next\" href=\"https:\/\/berenyisoft.com\/en\/wp-json\/wp\/v2\/pages\/22772\/page\/2\/\">Next &raquo;<\/a>\t\t<\/nav>\n\t\t\t\t\t\t<\/div>\n\t\t\t\t<\/div>\n\t\t\t\t\t<\/div>\n\t\t<\/div>\n\t\t\t\t\t<\/div>\n\t\t<\/section>\n\t\t\t\t<\/div>\n\t\t","protected":false},"excerpt":{"rendered":"","protected":false},"author":1,"featured_media":0,"parent":0,"menu_order":0,"comment_status":"closed","ping_status":"closed","template":"","meta":{"_monsterinsights_skip_tracking":false,"_monsterinsights_sitenote_active":false,"_monsterinsights_sitenote_note":"","_monsterinsights_sitenote_category":0,"footnotes":""},"class_list":["post-22772","page","type-page","status-publish","hentry"],"yoast_head":"<!-- This site is optimized with the Yoast SEO plugin v27.5 - https:\/\/yoast.com\/product\/yoast-seo-wordpress\/ -->\n<title>BerenyiSoft News - Ber\u00e9nyiSoft Kft.<\/title>\n<meta name=\"description\" content=\"A Ber\u00e9nyiSoft H\u00edrek oldalon naprak\u00e9sz inform\u00e1ci\u00f3kat tal\u00e1l a leg\u00fajabb technol\u00f3giai innov\u00e1ci\u00f3kr\u00f3l, v\u00e1llalati fejleszt\u00e9seinkr\u0151l.\" \/>\n<meta name=\"robots\" content=\"index, follow, max-snippet:-1, max-image-preview:large, max-video-preview:-1\" \/>\n<link rel=\"canonical\" href=\"https:\/\/berenyisoft.com\/en\/berenyisoftnews\/\" \/>\n<meta property=\"og:locale\" content=\"en_US\" \/>\n<meta property=\"og:type\" content=\"article\" \/>\n<meta property=\"og:title\" content=\"BerenyiSoft News - Ber\u00e9nyiSoft Kft.\" \/>\n<meta property=\"og:description\" content=\"A Ber\u00e9nyiSoft H\u00edrek oldalon naprak\u00e9sz inform\u00e1ci\u00f3kat tal\u00e1l a leg\u00fajabb technol\u00f3giai innov\u00e1ci\u00f3kr\u00f3l, v\u00e1llalati fejleszt\u00e9seinkr\u0151l.\" \/>\n<meta property=\"og:url\" content=\"https:\/\/berenyisoft.com\/en\/berenyisoftnews\/\" \/>\n<meta property=\"og:site_name\" content=\"Ber\u00e9nyiSoft Kft.\" \/>\n<meta property=\"article:publisher\" content=\"https:\/\/www.facebook.com\/berenyisoftware\/\" \/>\n<meta property=\"article:modified_time\" content=\"2024-11-29T06:56:33+00:00\" \/>\n<meta name=\"twitter:card\" content=\"summary_large_image\" \/>\n<meta name=\"twitter:label1\" content=\"Est. reading time\" \/>\n\t<meta name=\"twitter:data1\" content=\"3 minutes\" \/>\n<script type=\"application\/ld+json\" class=\"yoast-schema-graph\">{\"@context\":\"https:\\\/\\\/schema.org\",\"@graph\":[{\"@type\":\"WebPage\",\"@id\":\"https:\\\/\\\/berenyisoft.com\\\/en\\\/berenyisoftnews\\\/\",\"url\":\"https:\\\/\\\/berenyisoft.com\\\/en\\\/berenyisoftnews\\\/\",\"name\":\"BerenyiSoft News - Ber\u00e9nyiSoft Kft.\",\"isPartOf\":{\"@id\":\"https:\\\/\\\/berenyisoft.com\\\/en\\\/#website\"},\"datePublished\":\"2024-03-03T09:24:26+00:00\",\"dateModified\":\"2024-11-29T06:56:33+00:00\",\"description\":\"A Ber\u00e9nyiSoft H\u00edrek oldalon naprak\u00e9sz inform\u00e1ci\u00f3kat tal\u00e1l a leg\u00fajabb technol\u00f3giai innov\u00e1ci\u00f3kr\u00f3l, v\u00e1llalati fejleszt\u00e9seinkr\u0151l.\",\"breadcrumb\":{\"@id\":\"https:\\\/\\\/berenyisoft.com\\\/en\\\/berenyisoftnews\\\/#breadcrumb\"},\"inLanguage\":\"en-US\",\"potentialAction\":[{\"@type\":\"ReadAction\",\"target\":[\"https:\\\/\\\/berenyisoft.com\\\/en\\\/berenyisoftnews\\\/\"]}]},{\"@type\":\"BreadcrumbList\",\"@id\":\"https:\\\/\\\/berenyisoft.com\\\/en\\\/berenyisoftnews\\\/#breadcrumb\",\"itemListElement\":[{\"@type\":\"ListItem\",\"position\":1,\"name\":\"Home\",\"item\":\"https:\\\/\\\/berenyisoft.com\\\/en\\\/\"},{\"@type\":\"ListItem\",\"position\":2,\"name\":\"BerenyiSoft News\"}]},{\"@type\":\"WebSite\",\"@id\":\"https:\\\/\\\/berenyisoft.com\\\/en\\\/#website\",\"url\":\"https:\\\/\\\/berenyisoft.com\\\/en\\\/\",\"name\":\"Ber\u00e9nyiSoft Kft.\",\"description\":\"Egyedi szoftvermegold\u00e1sok, \u00fczleti sikerre tervezve.\",\"publisher\":{\"@id\":\"https:\\\/\\\/berenyisoft.com\\\/en\\\/#organization\"},\"potentialAction\":[{\"@type\":\"SearchAction\",\"target\":{\"@type\":\"EntryPoint\",\"urlTemplate\":\"https:\\\/\\\/berenyisoft.com\\\/en\\\/?s={search_term_string}\"},\"query-input\":{\"@type\":\"PropertyValueSpecification\",\"valueRequired\":true,\"valueName\":\"search_term_string\"}}],\"inLanguage\":\"en-US\"},{\"@type\":\"Organization\",\"@id\":\"https:\\\/\\\/berenyisoft.com\\\/en\\\/#organization\",\"name\":\"BerenyiSoft Kft.\",\"url\":\"https:\\\/\\\/berenyisoft.com\\\/en\\\/\",\"logo\":{\"@type\":\"ImageObject\",\"inLanguage\":\"en-US\",\"@id\":\"https:\\\/\\\/berenyisoft.com\\\/en\\\/#\\\/schema\\\/logo\\\/image\\\/\",\"url\":\"https:\\\/\\\/berenyisoft.com\\\/wp-content\\\/uploads\\\/2019\\\/02\\\/BerenyiShop.png\",\"contentUrl\":\"https:\\\/\\\/berenyisoft.com\\\/wp-content\\\/uploads\\\/2019\\\/02\\\/BerenyiShop.png\",\"width\":300,\"height\":300,\"caption\":\"BerenyiSoft Kft.\"},\"image\":{\"@id\":\"https:\\\/\\\/berenyisoft.com\\\/en\\\/#\\\/schema\\\/logo\\\/image\\\/\"},\"sameAs\":[\"https:\\\/\\\/www.facebook.com\\\/berenyisoftware\\\/\",\"https:\\\/\\\/www.instagram.com\\\/berenyisoftware\\\/\",\"https:\\\/\\\/www.linkedin.com\\\/in\\\/berenyiimre\\\/\"]}]}<\/script>\n<!-- \/ Yoast SEO plugin. -->","yoast_head_json":{"title":"BerenyiSoft News - Ber\u00e9nyiSoft Kft.","description":"A Ber\u00e9nyiSoft H\u00edrek oldalon naprak\u00e9sz inform\u00e1ci\u00f3kat tal\u00e1l a leg\u00fajabb technol\u00f3giai innov\u00e1ci\u00f3kr\u00f3l, v\u00e1llalati fejleszt\u00e9seinkr\u0151l.","robots":{"index":"index","follow":"follow","max-snippet":"max-snippet:-1","max-image-preview":"max-image-preview:large","max-video-preview":"max-video-preview:-1"},"canonical":"https:\/\/berenyisoft.com\/en\/berenyisoftnews\/","og_locale":"en_US","og_type":"article","og_title":"BerenyiSoft News - Ber\u00e9nyiSoft Kft.","og_description":"A Ber\u00e9nyiSoft H\u00edrek oldalon naprak\u00e9sz inform\u00e1ci\u00f3kat tal\u00e1l a leg\u00fajabb technol\u00f3giai innov\u00e1ci\u00f3kr\u00f3l, v\u00e1llalati fejleszt\u00e9seinkr\u0151l.","og_url":"https:\/\/berenyisoft.com\/en\/berenyisoftnews\/","og_site_name":"Ber\u00e9nyiSoft Kft.","article_publisher":"https:\/\/www.facebook.com\/berenyisoftware\/","article_modified_time":"2024-11-29T06:56:33+00:00","twitter_card":"summary_large_image","twitter_misc":{"Est. reading time":"3 minutes"},"schema":{"@context":"https:\/\/schema.org","@graph":[{"@type":"WebPage","@id":"https:\/\/berenyisoft.com\/en\/berenyisoftnews\/","url":"https:\/\/berenyisoft.com\/en\/berenyisoftnews\/","name":"BerenyiSoft News - Ber\u00e9nyiSoft Kft.","isPartOf":{"@id":"https:\/\/berenyisoft.com\/en\/#website"},"datePublished":"2024-03-03T09:24:26+00:00","dateModified":"2024-11-29T06:56:33+00:00","description":"A Ber\u00e9nyiSoft H\u00edrek oldalon naprak\u00e9sz inform\u00e1ci\u00f3kat tal\u00e1l a leg\u00fajabb technol\u00f3giai innov\u00e1ci\u00f3kr\u00f3l, v\u00e1llalati fejleszt\u00e9seinkr\u0151l.","breadcrumb":{"@id":"https:\/\/berenyisoft.com\/en\/berenyisoftnews\/#breadcrumb"},"inLanguage":"en-US","potentialAction":[{"@type":"ReadAction","target":["https:\/\/berenyisoft.com\/en\/berenyisoftnews\/"]}]},{"@type":"BreadcrumbList","@id":"https:\/\/berenyisoft.com\/en\/berenyisoftnews\/#breadcrumb","itemListElement":[{"@type":"ListItem","position":1,"name":"Home","item":"https:\/\/berenyisoft.com\/en\/"},{"@type":"ListItem","position":2,"name":"BerenyiSoft News"}]},{"@type":"WebSite","@id":"https:\/\/berenyisoft.com\/en\/#website","url":"https:\/\/berenyisoft.com\/en\/","name":"Ber\u00e9nyiSoft Kft.","description":"Egyedi szoftvermegold\u00e1sok, \u00fczleti sikerre tervezve.","publisher":{"@id":"https:\/\/berenyisoft.com\/en\/#organization"},"potentialAction":[{"@type":"SearchAction","target":{"@type":"EntryPoint","urlTemplate":"https:\/\/berenyisoft.com\/en\/?s={search_term_string}"},"query-input":{"@type":"PropertyValueSpecification","valueRequired":true,"valueName":"search_term_string"}}],"inLanguage":"en-US"},{"@type":"Organization","@id":"https:\/\/berenyisoft.com\/en\/#organization","name":"BerenyiSoft Kft.","url":"https:\/\/berenyisoft.com\/en\/","logo":{"@type":"ImageObject","inLanguage":"en-US","@id":"https:\/\/berenyisoft.com\/en\/#\/schema\/logo\/image\/","url":"https:\/\/berenyisoft.com\/wp-content\/uploads\/2019\/02\/BerenyiShop.png","contentUrl":"https:\/\/berenyisoft.com\/wp-content\/uploads\/2019\/02\/BerenyiShop.png","width":300,"height":300,"caption":"BerenyiSoft Kft."},"image":{"@id":"https:\/\/berenyisoft.com\/en\/#\/schema\/logo\/image\/"},"sameAs":["https:\/\/www.facebook.com\/berenyisoftware\/","https:\/\/www.instagram.com\/berenyisoftware\/","https:\/\/www.linkedin.com\/in\/berenyiimre\/"]}]}},"_links":{"self":[{"href":"https:\/\/berenyisoft.com\/en\/wp-json\/wp\/v2\/pages\/22772","targetHints":{"allow":["GET"]}}],"collection":[{"href":"https:\/\/berenyisoft.com\/en\/wp-json\/wp\/v2\/pages"}],"about":[{"href":"https:\/\/berenyisoft.com\/en\/wp-json\/wp\/v2\/types\/page"}],"author":[{"embeddable":true,"href":"https:\/\/berenyisoft.com\/en\/wp-json\/wp\/v2\/users\/1"}],"replies":[{"embeddable":true,"href":"https:\/\/berenyisoft.com\/en\/wp-json\/wp\/v2\/comments?post=22772"}],"version-history":[{"count":13,"href":"https:\/\/berenyisoft.com\/en\/wp-json\/wp\/v2\/pages\/22772\/revisions"}],"predecessor-version":[{"id":34724,"href":"https:\/\/berenyisoft.com\/en\/wp-json\/wp\/v2\/pages\/22772\/revisions\/34724"}],"wp:attachment":[{"href":"https:\/\/berenyisoft.com\/en\/wp-json\/wp\/v2\/media?parent=22772"}],"curies":[{"name":"wp","href":"https:\/\/api.w.org\/{rel}","templated":true}]}}