{"id":22779,"date":"2023-09-22T20:11:59","date_gmt":"2023-09-22T18:11:59","guid":{"rendered":"https:\/\/berenyisoft.com\/szoftverfejlesztesi-tamogatasi-szerzodes\/"},"modified":"2023-09-22T20:11:59","modified_gmt":"2023-09-22T18:11:59","slug":"szoftverfejlesztesi-tamogatasi-szerzodes","status":"publish","type":"page","link":"https:\/\/berenyisoft.com\/en\/szoftverfejlesztesi-tamogatasi-szerzodes\/","title":{"rendered":"Szoftverfejleszt\u00e9si t\u00e1mogat\u00e1si szerz\u0151d\u00e9s"},"content":{"rendered":"\t\t<div data-elementor-type=\"wp-page\" data-elementor-id=\"22779\" class=\"elementor elementor-22779 elementor-19339\" data-elementor-post-type=\"page\">\n\t\t\t\t\t\t<section class=\"elementor-section elementor-top-section elementor-element elementor-element-d74df3d elementor-section-boxed elementor-section-height-default elementor-section-height-default\" data-id=\"d74df3d\" data-element_type=\"section\" data-e-type=\"section\">\n\t\t\t\t\t\t<div class=\"elementor-container elementor-column-gap-default\">\n\t\t\t\t\t<div class=\"elementor-column elementor-col-100 elementor-top-column elementor-element elementor-element-1904dcc\" data-id=\"1904dcc\" data-element_type=\"column\" data-e-type=\"column\">\n\t\t\t<div class=\"elementor-widget-wrap elementor-element-populated\">\n\t\t\t\t\t\t<div class=\"elementor-element elementor-element-e6d3bab elementor-widget elementor-widget-image\" data-id=\"e6d3bab\" data-element_type=\"widget\" data-e-type=\"widget\" data-widget_type=\"image.default\">\n\t\t\t\t<div class=\"elementor-widget-container\">\n\t\t\t\t\t\t\t\t\t\t\t\t\t\t\t<img fetchpriority=\"high\" decoding=\"async\" width=\"758\" height=\"488\" src=\"https:\/\/berenyisoft.com\/wp-content\/uploads\/2023\/09\/Szoftverfejlesztesi-tamogatasi-szerzodes.jpg\" class=\"attachment-large size-large wp-image-22676\" alt=\"\" srcset=\"https:\/\/berenyisoft.com\/wp-content\/uploads\/2023\/09\/Szoftverfejlesztesi-tamogatasi-szerzodes.jpg 758w, https:\/\/berenyisoft.com\/wp-content\/uploads\/2023\/09\/Szoftverfejlesztesi-tamogatasi-szerzodes-300x193.jpg 300w\" sizes=\"(max-width: 758px) 100vw, 758px\" \/>\t\t\t\t\t\t\t\t\t\t\t\t\t\t\t<\/div>\n\t\t\t\t<\/div>\n\t\t\t\t\t<\/div>\n\t\t<\/div>\n\t\t\t\t\t<\/div>\n\t\t<\/section>\n\t\t\t\t<section class=\"elementor-section elementor-top-section elementor-element elementor-element-4861b2b elementor-section-boxed elementor-section-height-default elementor-section-height-default\" data-id=\"4861b2b\" data-element_type=\"section\" data-e-type=\"section\">\n\t\t\t\t\t\t<div class=\"elementor-container elementor-column-gap-default\">\n\t\t\t\t\t<div class=\"elementor-column elementor-col-100 elementor-top-column elementor-element elementor-element-1857b89\" data-id=\"1857b89\" data-element_type=\"column\" data-e-type=\"column\">\n\t\t\t<div class=\"elementor-widget-wrap elementor-element-populated\">\n\t\t\t\t\t\t<div class=\"elementor-element elementor-element-9265b20 elementor-widget elementor-widget-text-editor\" data-id=\"9265b20\" data-element_type=\"widget\" data-e-type=\"widget\" data-widget_type=\"text-editor.default\">\n\t\t\t\t<div class=\"elementor-widget-container\">\n\t\t\t\t\t\t\t\t\t<p style=\"text-align: justify;\"><strong>A Szoftverfejleszt\u00e9si T\u00e1mogat\u00e1si Szerz\u0151d\u00e9snek sz\u00e1mos el\u0151nye lehet mind a szoftverfejleszt\u0151, mind az \u00fcgyf\u00e9l sz\u00e1m\u00e1ra:<\/strong><\/p><ol style=\"text-align: justify;\"><li><p><strong>Szolg\u00e1ltat\u00e1s folytonoss\u00e1g:<\/strong> A t\u00e1mogat\u00e1si szerz\u0151d\u00e9s biztos\u00edtja, hogy a <a href=\"https:\/\/www.cegtukor.hu\/\" target=\"_blank\" rel=\"noopener\">szoftver<\/a> folyamatosan m\u0171k\u00f6dj\u00f6n, \u00e9s reag\u00e1ljon a v\u00e1ratlan hib\u00e1kra vagy probl\u00e9m\u00e1kra.<\/p><\/li><li><p><strong>Gyors hibajav\u00edt\u00e1s:<\/strong> A szerz\u0151d\u00e9s keret\u00e9ben a hib\u00e1k \u00e9s probl\u00e9m\u00e1k gyorsabb jav\u00edt\u00e1sa \u00e9s t\u00e1mogat\u00e1sa garant\u00e1lt, ami minimaliz\u00e1lja a le\u00e1ll\u00e1si id\u0151t.<\/p><\/li><li><p><strong>Rendszerfriss\u00edt\u00e9sek:<\/strong> A szerz\u0151d\u00e9s lehet\u0151v\u00e9 teszi a rendszer id\u0151szakos friss\u00edt\u00e9s\u00e9t \u00e9s karbantart\u00e1s\u00e1t, hogy a szoftver mindig naprak\u00e9sz legyen.<\/p><\/li><li><p><strong>Biztons\u00e1gi friss\u00edt\u00e9sek:<\/strong> A t\u00e1mogat\u00e1s r\u00e9szek\u00e9nt a szoftver biztons\u00e1gi friss\u00edt\u00e9sei is el\u00e9rhet\u0151k, ami v\u00e9di az adatokat \u00e9s a rendszert a biztons\u00e1gi fenyeget\u00e9sekt\u0151l.<\/p><\/li><li><p><strong>Technikai t\u00e1mogat\u00e1s:<\/strong> A szerz\u0151d\u00e9s lehet\u0151v\u00e9 teszi az \u00fcgyfeleknek, hogy technikai k\u00e9rd\u00e9seiket vagy probl\u00e9m\u00e1ikat szak\u00e9rt\u0151k seg\u00edts\u00e9g\u00e9vel oldj\u00e1k meg.<\/p><\/li><li><p><strong>K\u00f6lts\u00e9gpredictabilit\u00e1s:<\/strong> A t\u00e1mogat\u00e1si szerz\u0151d\u00e9s seg\u00edt el\u0151re tervezni a <a href=\"https:\/\/berenyisoft.com\/szoftverfejlesztes\/\">szoftver<\/a> karbantart\u00e1si \u00e9s t\u00e1mogat\u00e1si k\u00f6lts\u00e9geit, ami el\u0151seg\u00edti a k\u00f6lts\u00e9gvet\u00e9si tervez\u00e9st.<\/p><\/li><li><p><strong>\u00dcgyf\u00e9l el\u00e9gedetts\u00e9g:<\/strong> A folyamatos t\u00e1mogat\u00e1s n\u00f6veli az \u00fcgyf\u00e9l el\u00e9gedetts\u00e9g\u00e9t, mivel a szoftvert mindig megfelel\u0151en m\u0171k\u00f6d\u0151k\u00e9pes \u00e1llapotban tartja.<\/p><\/li><li><p><strong>Rugalmas szerz\u0151d\u00e9si felt\u00e9telek:<\/strong> A t\u00e1mogat\u00e1si szerz\u0151d\u00e9sek \u00e1ltal\u00e1ban rugalmasak, \u00e9s testre szabhat\u00f3k az \u00fcgyf\u00e9l egyedi ig\u00e9nyeinek megfelel\u0151en.<\/p><\/li><li><p><strong>Hossz\u00fa t\u00e1v\u00fa kapcsolat:<\/strong> A t\u00e1mogat\u00e1si szerz\u0151d\u00e9s lehet\u0151s\u00e9get ad a hossz\u00fa t\u00e1v\u00fa kapcsolat kialak\u00edt\u00e1s\u00e1ra a szoftverfejleszt\u0151 \u00e9s az \u00fcgyf\u00e9l k\u00f6z\u00f6tt.<\/p><\/li><li><p><strong>Teljes\u00edtm\u00e9nymonitoring:<\/strong> A szerz\u0151d\u00e9s lehet\u0151v\u00e9 teszi a szoftver teljes\u00edtm\u00e9ny\u00e9nek \u00e9s rendelkez\u00e9sre \u00e1ll\u00e1s\u00e1nak monitoroz\u00e1s\u00e1t, hogy id\u0151ben felismerhet\u0151 legyen a probl\u00e9m\u00e1k.<\/p><\/li><\/ol><p style=\"text-align: center;\"><strong>\u00d6sszess\u00e9g\u00e9ben a Szoftverfejleszt\u00e9si T\u00e1mogat\u00e1si Szerz\u0151d\u00e9s seg\u00edt a szoftver<br \/>\u00fczemeltet\u00e9s\u00e9nek \u00e9s karbantart\u00e1s\u00e1nak hat\u00e9konyabb\u00e1 t\u00e9tel\u00e9ben,<br \/>minimaliz\u00e1lja a kock\u00e1zatokat, \u00e9s hossz\u00fa t\u00e1v\u00fa el\u0151ny\u00f6ket hoz mind a<br \/>fejleszt\u0151, mind az \u00fcgyf\u00e9l sz\u00e1m\u00e1ra.<\/strong><\/p>\t\t\t\t\t\t\t\t<\/div>\n\t\t\t\t<\/div>\n\t\t\t\t\t<\/div>\n\t\t<\/div>\n\t\t\t\t\t<\/div>\n\t\t<\/section>\n\t\t\t\t<section class=\"elementor-section elementor-top-section elementor-element elementor-element-f2f7641 elementor-section-boxed elementor-section-height-default elementor-section-height-default\" data-id=\"f2f7641\" data-element_type=\"section\" data-e-type=\"section\">\n\t\t\t\t\t\t<div class=\"elementor-container elementor-column-gap-default\">\n\t\t\t\t\t<div class=\"elementor-column elementor-col-100 elementor-top-column elementor-element elementor-element-c635e25\" data-id=\"c635e25\" data-element_type=\"column\" data-e-type=\"column\">\n\t\t\t<div class=\"elementor-widget-wrap elementor-element-populated\">\n\t\t\t\t\t\t<div class=\"elementor-element elementor-element-9f622b5 elementor-headline--style-highlight elementor-widget elementor-widget-animated-headline\" data-id=\"9f622b5\" data-element_type=\"widget\" data-e-type=\"widget\" data-settings=\"{&quot;marker&quot;:&quot;underline&quot;,&quot;highlighted_text&quot;:&quot;Sz\\u00fcks\\u00e9ged van t\\u00e1mogat\\u00e1sra?&quot;,&quot;headline_style&quot;:&quot;highlight&quot;,&quot;loop&quot;:&quot;yes&quot;,&quot;highlight_animation_duration&quot;:1200,&quot;highlight_iteration_delay&quot;:8000}\" data-widget_type=\"animated-headline.default\">\n\t\t\t\t<div class=\"elementor-widget-container\">\n\t\t\t\t\t\t\t<h2 class=\"elementor-headline\">\n\t\t\t\t<span class=\"elementor-headline-dynamic-wrapper elementor-headline-text-wrapper\">\n\t\t\t\t\t<span class=\"elementor-headline-dynamic-text elementor-headline-text-active\">Sz\u00fcks\u00e9ged van t\u00e1mogat\u00e1sra?<\/span>\n\t\t\t\t<\/span>\n\t\t\t\t<\/h2>\n\t\t\t\t\t\t<\/div>\n\t\t\t\t<\/div>\n\t\t\t\t<div class=\"elementor-element elementor-element-e185e37 elementor-widget elementor-widget-heading\" data-id=\"e185e37\" data-element_type=\"widget\" data-e-type=\"widget\" data-widget_type=\"heading.default\">\n\t\t\t\t<div class=\"elementor-widget-container\">\n\t\t\t\t\t<h3 class=\"elementor-heading-title elementor-size-large\">A szoftverfejleszt\u00e9si t\u00e1mogat\u00e1si szerz\u0151d\u00e9s biztos\u00edtja a folyamatos t\u00e1mogat\u00e1st, hibajav\u00edt\u00e1st \u00e9s friss\u00edt\u00e9seket a szoftver z\u00f6kken\u0151mentes m\u0171k\u00f6d\u00e9s\u00e9hez.<\/h3>\t\t\t\t<\/div>\n\t\t\t\t<\/div>\n\t\t\t\t\t<\/div>\n\t\t<\/div>\n\t\t\t\t\t<\/div>\n\t\t<\/section>\n\t\t\t\t<section class=\"elementor-section elementor-top-section elementor-element elementor-element-7e3be2d elementor-section-boxed elementor-section-height-default elementor-section-height-default\" data-id=\"7e3be2d\" data-element_type=\"section\" data-e-type=\"section\">\n\t\t\t\t\t\t<div class=\"elementor-container elementor-column-gap-default\">\n\t\t\t\t\t<div class=\"elementor-column elementor-col-100 elementor-top-column elementor-element elementor-element-772b126\" data-id=\"772b126\" data-element_type=\"column\" data-e-type=\"column\">\n\t\t\t<div class=\"elementor-widget-wrap elementor-element-populated\">\n\t\t\t\t\t\t<div class=\"elementor-element elementor-element-a13f2d3 elementor-button-align-stretch elementor-widget elementor-widget-form\" data-id=\"a13f2d3\" data-element_type=\"widget\" data-e-type=\"widget\" data-settings=\"{&quot;step_next_label&quot;:&quot;K\\u00f6vetkez\\u0151&quot;,&quot;step_previous_label&quot;:&quot;El\\u0151z\\u0151&quot;,&quot;button_width&quot;:&quot;100&quot;,&quot;step_type&quot;:&quot;number_text&quot;,&quot;step_icon_shape&quot;:&quot;circle&quot;}\" data-widget_type=\"form.default\">\n\t\t\t\t<div class=\"elementor-widget-container\">\n\t\t\t\t\t\t\t<form class=\"elementor-form\" method=\"post\" name=\"New Form\" aria-label=\"New Form\">\n\t\t\t<input type=\"hidden\" name=\"post_id\" value=\"22779\"\/>\n\t\t\t<input type=\"hidden\" name=\"form_id\" value=\"a13f2d3\"\/>\n\t\t\t<input type=\"hidden\" name=\"referer_title\" value=\"Szoftverfejleszt\u00e9si t\u00e1mogat\u00e1si szerz\u0151d\u00e9s - Ber\u00e9nyiSoft Kft.\" \/>\n\n\t\t\t\t\t\t\t<input type=\"hidden\" name=\"queried_id\" value=\"22779\"\/>\n\t\t\t\n\t\t\t<div class=\"elementor-form-fields-wrapper elementor-labels-above\">\n\t\t\t\t\t\t\t\t<div class=\"elementor-field-type-text elementor-field-group elementor-column elementor-field-group-name elementor-col-50\">\n\t\t\t\t\t\t\t\t\t\t\t\t\t<input size=\"1\" type=\"text\" name=\"form_fields[name]\" id=\"form-field-name\" class=\"elementor-field elementor-size-sm  elementor-field-textual\" placeholder=\"Teljes n\u00e9v\">\n\t\t\t\t\t\t\t\t\t\t\t<\/div>\n\t\t\t\t\t\t\t\t<div class=\"elementor-field-type-text elementor-field-group elementor-column elementor-field-group-field_1 elementor-col-50\">\n\t\t\t\t\t\t\t\t\t\t\t\t\t<input size=\"1\" type=\"text\" name=\"form_fields[field_1]\" id=\"form-field-field_1\" class=\"elementor-field elementor-size-sm  elementor-field-textual\" placeholder=\"C\u00e9gn\u00e9v\">\n\t\t\t\t\t\t\t\t\t\t\t<\/div>\n\t\t\t\t\t\t\t\t<div class=\"elementor-field-type-email elementor-field-group elementor-column elementor-field-group-email elementor-col-50 elementor-field-required\">\n\t\t\t\t\t\t\t\t\t\t\t\t\t<input size=\"1\" type=\"email\" name=\"form_fields[email]\" id=\"form-field-email\" class=\"elementor-field elementor-size-sm  elementor-field-textual\" placeholder=\"E-mail c\u00edm\" required=\"required\">\n\t\t\t\t\t\t\t\t\t\t\t<\/div>\n\t\t\t\t\t\t\t\t<div class=\"elementor-field-type-tel elementor-field-group elementor-column elementor-field-group-field_2 elementor-col-50 elementor-field-required\">\n\t\t\t\t\t\t\t<input size=\"1\" type=\"tel\" name=\"form_fields[field_2]\" id=\"form-field-field_2\" class=\"elementor-field elementor-size-sm  elementor-field-textual\" placeholder=\"Telefonsz\u00e1m\" required=\"required\" pattern=\"[0-9()#&amp;+*-=.]+\" title=\"Only numbers and phone characters (#, -, *, etc) are accepted.\">\n\n\t\t\t\t\t\t<\/div>\n\t\t\t\t\t\t\t\t<div class=\"elementor-field-type-textarea elementor-field-group elementor-column elementor-field-group-message elementor-col-100\">\n\t\t\t\t\t<textarea class=\"elementor-field-textual elementor-field  elementor-size-sm\" name=\"form_fields[message]\" id=\"form-field-message\" rows=\"4\" placeholder=\"\u00dczenet\"><\/textarea>\t\t\t\t<\/div>\n\t\t\t\t\t\t\t\t<div class=\"elementor-field-type-acceptance elementor-field-group elementor-column elementor-field-group-field_ca21d06 elementor-col-100 elementor-field-required\">\n\t\t\t\t\t\t\t<div class=\"elementor-field-subgroup\">\n\t\t\t<span class=\"elementor-field-option\">\n\t\t\t\t<input type=\"checkbox\" name=\"form_fields[field_ca21d06]\" id=\"form-field-field_ca21d06\" class=\"elementor-field elementor-size-sm  elementor-acceptance-field\" required=\"required\">\n\t\t\t\t<label for=\"form-field-field_ca21d06\">Az <a href=\"https:\/\/berenyisoft.com\/adatkezelesi-tajekoztato\/\" target=\"_blank\" rel=\"noopener\">adatkezel\u00e9si t\u00e1j\u00e9koztat\u00f3<\/a>t\u00a0elolvastam \u00e9s elfogadom.<\/label>\t\t\t<\/span>\n\t\t<\/div>\n\t\t\t\t\t\t<\/div>\n\t\t\t\t\t\t\t\t<div class=\"elementor-field-group elementor-column elementor-field-type-submit elementor-col-100 e-form__buttons\">\n\t\t\t\t\t<button class=\"elementor-button elementor-size-sm\" type=\"submit\">\n\t\t\t\t\t\t<span class=\"elementor-button-content-wrapper\">\n\t\t\t\t\t\t\t\t\t\t\t\t\t\t\t<span class=\"elementor-button-icon\">\n\t\t\t\t\t\t\t\t\t<i aria-hidden=\"true\" class=\"far fa-arrow-alt-circle-right\"><\/i>\t\t\t\t\t\t\t\t\t\t\t\t\t\t\t\t\t<\/span>\n\t\t\t\t\t\t\t\t\t\t\t\t\t\t\t\t\t\t\t\t\t\t<span class=\"elementor-button-text\">K\u00fcld\u00e9s<\/span>\n\t\t\t\t\t\t\t\t\t\t\t\t\t<\/span>\n\t\t\t\t\t<\/button>\n\t\t\t\t<\/div>\n\t\t\t<\/div>\n\t\t<\/form>\n\t\t\t\t\t\t<\/div>\n\t\t\t\t<\/div>\n\t\t\t\t\t<\/div>\n\t\t<\/div>\n\t\t\t\t\t<\/div>\n\t\t<\/section>\n\t\t\t\t<\/div>\n\t\t","protected":false},"excerpt":{"rendered":"<p>A Szoftverfejleszt\u00e9si T\u00e1mogat\u00e1si Szerz\u0151d\u00e9snek sz\u00e1mos el\u0151nye lehet mind a szoftverfejleszt\u0151, mind az \u00fcgyf\u00e9l sz\u00e1m\u00e1ra: Szolg\u00e1ltat\u00e1s folytonoss\u00e1g: A t\u00e1mogat\u00e1si szerz\u0151d\u00e9s biztos\u00edtja, hogy a szoftver folyamatosan m\u0171k\u00f6dj\u00f6n, \u00e9s reag\u00e1ljon a v\u00e1ratlan hib\u00e1kra vagy probl\u00e9m\u00e1kra. Gyors hibajav\u00edt\u00e1s: A szerz\u0151d\u00e9s keret\u00e9ben a hib\u00e1k \u00e9s probl\u00e9m\u00e1k gyorsabb jav\u00edt\u00e1sa \u00e9s t\u00e1mogat\u00e1sa garant\u00e1lt, ami minimaliz\u00e1lja a le\u00e1ll\u00e1si id\u0151t. Rendszerfriss\u00edt\u00e9sek: A szerz\u0151d\u00e9s lehet\u0151v\u00e9 [&hellip;]<\/p>\n","protected":false},"author":1,"featured_media":0,"parent":0,"menu_order":0,"comment_status":"closed","ping_status":"closed","template":"","meta":{"_monsterinsights_skip_tracking":false,"_monsterinsights_sitenote_active":false,"_monsterinsights_sitenote_note":"","_monsterinsights_sitenote_category":0,"footnotes":""},"class_list":["post-22779","page","type-page","status-publish","hentry"],"yoast_head":"<!-- This site is optimized with the Yoast SEO plugin v27.5 - https:\/\/yoast.com\/product\/yoast-seo-wordpress\/ -->\n<title>Szoftverfejleszt\u00e9si t\u00e1mogat\u00e1si szerz\u0151d\u00e9s - Ber\u00e9nyiSoft Kft.<\/title>\n<meta name=\"robots\" content=\"index, follow, max-snippet:-1, max-image-preview:large, max-video-preview:-1\" \/>\n<link rel=\"canonical\" href=\"https:\/\/berenyisoft.com\/en\/szoftverfejlesztesi-tamogatasi-szerzodes\/\" \/>\n<meta property=\"og:locale\" content=\"en_US\" \/>\n<meta property=\"og:type\" content=\"article\" \/>\n<meta property=\"og:title\" content=\"Szoftverfejleszt\u00e9si t\u00e1mogat\u00e1si szerz\u0151d\u00e9s - Ber\u00e9nyiSoft Kft.\" \/>\n<meta property=\"og:description\" content=\"A Szoftverfejleszt\u00e9si T\u00e1mogat\u00e1si Szerz\u0151d\u00e9snek sz\u00e1mos el\u0151nye lehet mind a szoftverfejleszt\u0151, mind az \u00fcgyf\u00e9l sz\u00e1m\u00e1ra: Szolg\u00e1ltat\u00e1s folytonoss\u00e1g: A t\u00e1mogat\u00e1si szerz\u0151d\u00e9s biztos\u00edtja, hogy a szoftver folyamatosan m\u0171k\u00f6dj\u00f6n, \u00e9s reag\u00e1ljon a v\u00e1ratlan hib\u00e1kra vagy probl\u00e9m\u00e1kra. Gyors hibajav\u00edt\u00e1s: A szerz\u0151d\u00e9s keret\u00e9ben a hib\u00e1k \u00e9s probl\u00e9m\u00e1k gyorsabb jav\u00edt\u00e1sa \u00e9s t\u00e1mogat\u00e1sa garant\u00e1lt, ami minimaliz\u00e1lja a le\u00e1ll\u00e1si id\u0151t. Rendszerfriss\u00edt\u00e9sek: A szerz\u0151d\u00e9s lehet\u0151v\u00e9 [&hellip;]\" \/>\n<meta property=\"og:url\" content=\"https:\/\/berenyisoft.com\/en\/szoftverfejlesztesi-tamogatasi-szerzodes\/\" \/>\n<meta property=\"og:site_name\" content=\"Ber\u00e9nyiSoft Kft.\" \/>\n<meta property=\"article:publisher\" content=\"https:\/\/www.facebook.com\/berenyisoftware\/\" \/>\n<meta property=\"og:image\" content=\"https:\/\/berenyisoft.com\/wp-content\/uploads\/2023\/09\/Szoftverfejlesztesi-tamogatasi-szerzodes.jpg\" \/>\n<meta name=\"twitter:card\" content=\"summary_large_image\" \/>\n<meta name=\"twitter:label1\" content=\"Est. reading time\" \/>\n\t<meta name=\"twitter:data1\" content=\"2 minutes\" \/>\n<script type=\"application\/ld+json\" class=\"yoast-schema-graph\">{\"@context\":\"https:\\\/\\\/schema.org\",\"@graph\":[{\"@type\":\"WebPage\",\"@id\":\"https:\\\/\\\/berenyisoft.com\\\/en\\\/szoftverfejlesztesi-tamogatasi-szerzodes\\\/\",\"url\":\"https:\\\/\\\/berenyisoft.com\\\/en\\\/szoftverfejlesztesi-tamogatasi-szerzodes\\\/\",\"name\":\"Szoftverfejleszt\u00e9si t\u00e1mogat\u00e1si szerz\u0151d\u00e9s - Ber\u00e9nyiSoft Kft.\",\"isPartOf\":{\"@id\":\"https:\\\/\\\/berenyisoft.com\\\/en\\\/#website\"},\"primaryImageOfPage\":{\"@id\":\"https:\\\/\\\/berenyisoft.com\\\/en\\\/szoftverfejlesztesi-tamogatasi-szerzodes\\\/#primaryimage\"},\"image\":{\"@id\":\"https:\\\/\\\/berenyisoft.com\\\/en\\\/szoftverfejlesztesi-tamogatasi-szerzodes\\\/#primaryimage\"},\"thumbnailUrl\":\"https:\\\/\\\/berenyisoft.com\\\/wp-content\\\/uploads\\\/2023\\\/09\\\/Szoftverfejlesztesi-tamogatasi-szerzodes.jpg\",\"datePublished\":\"2023-09-22T18:11:59+00:00\",\"breadcrumb\":{\"@id\":\"https:\\\/\\\/berenyisoft.com\\\/en\\\/szoftverfejlesztesi-tamogatasi-szerzodes\\\/#breadcrumb\"},\"inLanguage\":\"en-US\",\"potentialAction\":[{\"@type\":\"ReadAction\",\"target\":[\"https:\\\/\\\/berenyisoft.com\\\/en\\\/szoftverfejlesztesi-tamogatasi-szerzodes\\\/\"]}]},{\"@type\":\"ImageObject\",\"inLanguage\":\"en-US\",\"@id\":\"https:\\\/\\\/berenyisoft.com\\\/en\\\/szoftverfejlesztesi-tamogatasi-szerzodes\\\/#primaryimage\",\"url\":\"https:\\\/\\\/berenyisoft.com\\\/wp-content\\\/uploads\\\/2023\\\/09\\\/Szoftverfejlesztesi-tamogatasi-szerzodes.jpg\",\"contentUrl\":\"https:\\\/\\\/berenyisoft.com\\\/wp-content\\\/uploads\\\/2023\\\/09\\\/Szoftverfejlesztesi-tamogatasi-szerzodes.jpg\"},{\"@type\":\"BreadcrumbList\",\"@id\":\"https:\\\/\\\/berenyisoft.com\\\/en\\\/szoftverfejlesztesi-tamogatasi-szerzodes\\\/#breadcrumb\",\"itemListElement\":[{\"@type\":\"ListItem\",\"position\":1,\"name\":\"Home\",\"item\":\"https:\\\/\\\/berenyisoft.com\\\/en\\\/\"},{\"@type\":\"ListItem\",\"position\":2,\"name\":\"Szoftverfejleszt\u00e9si t\u00e1mogat\u00e1si szerz\u0151d\u00e9s\"}]},{\"@type\":\"WebSite\",\"@id\":\"https:\\\/\\\/berenyisoft.com\\\/en\\\/#website\",\"url\":\"https:\\\/\\\/berenyisoft.com\\\/en\\\/\",\"name\":\"Ber\u00e9nyiSoft Kft.\",\"description\":\"Egyedi szoftvermegold\u00e1sok, \u00fczleti sikerre tervezve.\",\"publisher\":{\"@id\":\"https:\\\/\\\/berenyisoft.com\\\/en\\\/#organization\"},\"potentialAction\":[{\"@type\":\"SearchAction\",\"target\":{\"@type\":\"EntryPoint\",\"urlTemplate\":\"https:\\\/\\\/berenyisoft.com\\\/en\\\/?s={search_term_string}\"},\"query-input\":{\"@type\":\"PropertyValueSpecification\",\"valueRequired\":true,\"valueName\":\"search_term_string\"}}],\"inLanguage\":\"en-US\"},{\"@type\":\"Organization\",\"@id\":\"https:\\\/\\\/berenyisoft.com\\\/en\\\/#organization\",\"name\":\"BerenyiSoft Kft.\",\"url\":\"https:\\\/\\\/berenyisoft.com\\\/en\\\/\",\"logo\":{\"@type\":\"ImageObject\",\"inLanguage\":\"en-US\",\"@id\":\"https:\\\/\\\/berenyisoft.com\\\/en\\\/#\\\/schema\\\/logo\\\/image\\\/\",\"url\":\"https:\\\/\\\/berenyisoft.com\\\/wp-content\\\/uploads\\\/2019\\\/02\\\/BerenyiShop.png\",\"contentUrl\":\"https:\\\/\\\/berenyisoft.com\\\/wp-content\\\/uploads\\\/2019\\\/02\\\/BerenyiShop.png\",\"width\":300,\"height\":300,\"caption\":\"BerenyiSoft Kft.\"},\"image\":{\"@id\":\"https:\\\/\\\/berenyisoft.com\\\/en\\\/#\\\/schema\\\/logo\\\/image\\\/\"},\"sameAs\":[\"https:\\\/\\\/www.facebook.com\\\/berenyisoftware\\\/\",\"https:\\\/\\\/www.instagram.com\\\/berenyisoftware\\\/\",\"https:\\\/\\\/www.linkedin.com\\\/in\\\/berenyiimre\\\/\"]}]}<\/script>\n<!-- \/ Yoast SEO plugin. -->","yoast_head_json":{"title":"Szoftverfejleszt\u00e9si t\u00e1mogat\u00e1si szerz\u0151d\u00e9s - Ber\u00e9nyiSoft Kft.","robots":{"index":"index","follow":"follow","max-snippet":"max-snippet:-1","max-image-preview":"max-image-preview:large","max-video-preview":"max-video-preview:-1"},"canonical":"https:\/\/berenyisoft.com\/en\/szoftverfejlesztesi-tamogatasi-szerzodes\/","og_locale":"en_US","og_type":"article","og_title":"Szoftverfejleszt\u00e9si t\u00e1mogat\u00e1si szerz\u0151d\u00e9s - Ber\u00e9nyiSoft Kft.","og_description":"A Szoftverfejleszt\u00e9si T\u00e1mogat\u00e1si Szerz\u0151d\u00e9snek sz\u00e1mos el\u0151nye lehet mind a szoftverfejleszt\u0151, mind az \u00fcgyf\u00e9l sz\u00e1m\u00e1ra: Szolg\u00e1ltat\u00e1s folytonoss\u00e1g: A t\u00e1mogat\u00e1si szerz\u0151d\u00e9s biztos\u00edtja, hogy a szoftver folyamatosan m\u0171k\u00f6dj\u00f6n, \u00e9s reag\u00e1ljon a v\u00e1ratlan hib\u00e1kra vagy probl\u00e9m\u00e1kra. Gyors hibajav\u00edt\u00e1s: A szerz\u0151d\u00e9s keret\u00e9ben a hib\u00e1k \u00e9s probl\u00e9m\u00e1k gyorsabb jav\u00edt\u00e1sa \u00e9s t\u00e1mogat\u00e1sa garant\u00e1lt, ami minimaliz\u00e1lja a le\u00e1ll\u00e1si id\u0151t. Rendszerfriss\u00edt\u00e9sek: A szerz\u0151d\u00e9s lehet\u0151v\u00e9 [&hellip;]","og_url":"https:\/\/berenyisoft.com\/en\/szoftverfejlesztesi-tamogatasi-szerzodes\/","og_site_name":"Ber\u00e9nyiSoft Kft.","article_publisher":"https:\/\/www.facebook.com\/berenyisoftware\/","og_image":[{"url":"https:\/\/berenyisoft.com\/wp-content\/uploads\/2023\/09\/Szoftverfejlesztesi-tamogatasi-szerzodes.jpg","type":"","width":"","height":""}],"twitter_card":"summary_large_image","twitter_misc":{"Est. reading time":"2 minutes"},"schema":{"@context":"https:\/\/schema.org","@graph":[{"@type":"WebPage","@id":"https:\/\/berenyisoft.com\/en\/szoftverfejlesztesi-tamogatasi-szerzodes\/","url":"https:\/\/berenyisoft.com\/en\/szoftverfejlesztesi-tamogatasi-szerzodes\/","name":"Szoftverfejleszt\u00e9si t\u00e1mogat\u00e1si szerz\u0151d\u00e9s - Ber\u00e9nyiSoft Kft.","isPartOf":{"@id":"https:\/\/berenyisoft.com\/en\/#website"},"primaryImageOfPage":{"@id":"https:\/\/berenyisoft.com\/en\/szoftverfejlesztesi-tamogatasi-szerzodes\/#primaryimage"},"image":{"@id":"https:\/\/berenyisoft.com\/en\/szoftverfejlesztesi-tamogatasi-szerzodes\/#primaryimage"},"thumbnailUrl":"https:\/\/berenyisoft.com\/wp-content\/uploads\/2023\/09\/Szoftverfejlesztesi-tamogatasi-szerzodes.jpg","datePublished":"2023-09-22T18:11:59+00:00","breadcrumb":{"@id":"https:\/\/berenyisoft.com\/en\/szoftverfejlesztesi-tamogatasi-szerzodes\/#breadcrumb"},"inLanguage":"en-US","potentialAction":[{"@type":"ReadAction","target":["https:\/\/berenyisoft.com\/en\/szoftverfejlesztesi-tamogatasi-szerzodes\/"]}]},{"@type":"ImageObject","inLanguage":"en-US","@id":"https:\/\/berenyisoft.com\/en\/szoftverfejlesztesi-tamogatasi-szerzodes\/#primaryimage","url":"https:\/\/berenyisoft.com\/wp-content\/uploads\/2023\/09\/Szoftverfejlesztesi-tamogatasi-szerzodes.jpg","contentUrl":"https:\/\/berenyisoft.com\/wp-content\/uploads\/2023\/09\/Szoftverfejlesztesi-tamogatasi-szerzodes.jpg"},{"@type":"BreadcrumbList","@id":"https:\/\/berenyisoft.com\/en\/szoftverfejlesztesi-tamogatasi-szerzodes\/#breadcrumb","itemListElement":[{"@type":"ListItem","position":1,"name":"Home","item":"https:\/\/berenyisoft.com\/en\/"},{"@type":"ListItem","position":2,"name":"Szoftverfejleszt\u00e9si t\u00e1mogat\u00e1si szerz\u0151d\u00e9s"}]},{"@type":"WebSite","@id":"https:\/\/berenyisoft.com\/en\/#website","url":"https:\/\/berenyisoft.com\/en\/","name":"Ber\u00e9nyiSoft Kft.","description":"Egyedi szoftvermegold\u00e1sok, \u00fczleti sikerre tervezve.","publisher":{"@id":"https:\/\/berenyisoft.com\/en\/#organization"},"potentialAction":[{"@type":"SearchAction","target":{"@type":"EntryPoint","urlTemplate":"https:\/\/berenyisoft.com\/en\/?s={search_term_string}"},"query-input":{"@type":"PropertyValueSpecification","valueRequired":true,"valueName":"search_term_string"}}],"inLanguage":"en-US"},{"@type":"Organization","@id":"https:\/\/berenyisoft.com\/en\/#organization","name":"BerenyiSoft Kft.","url":"https:\/\/berenyisoft.com\/en\/","logo":{"@type":"ImageObject","inLanguage":"en-US","@id":"https:\/\/berenyisoft.com\/en\/#\/schema\/logo\/image\/","url":"https:\/\/berenyisoft.com\/wp-content\/uploads\/2019\/02\/BerenyiShop.png","contentUrl":"https:\/\/berenyisoft.com\/wp-content\/uploads\/2019\/02\/BerenyiShop.png","width":300,"height":300,"caption":"BerenyiSoft Kft."},"image":{"@id":"https:\/\/berenyisoft.com\/en\/#\/schema\/logo\/image\/"},"sameAs":["https:\/\/www.facebook.com\/berenyisoftware\/","https:\/\/www.instagram.com\/berenyisoftware\/","https:\/\/www.linkedin.com\/in\/berenyiimre\/"]}]}},"_links":{"self":[{"href":"https:\/\/berenyisoft.com\/en\/wp-json\/wp\/v2\/pages\/22779","targetHints":{"allow":["GET"]}}],"collection":[{"href":"https:\/\/berenyisoft.com\/en\/wp-json\/wp\/v2\/pages"}],"about":[{"href":"https:\/\/berenyisoft.com\/en\/wp-json\/wp\/v2\/types\/page"}],"author":[{"embeddable":true,"href":"https:\/\/berenyisoft.com\/en\/wp-json\/wp\/v2\/users\/1"}],"replies":[{"embeddable":true,"href":"https:\/\/berenyisoft.com\/en\/wp-json\/wp\/v2\/comments?post=22779"}],"version-history":[{"count":0,"href":"https:\/\/berenyisoft.com\/en\/wp-json\/wp\/v2\/pages\/22779\/revisions"}],"wp:attachment":[{"href":"https:\/\/berenyisoft.com\/en\/wp-json\/wp\/v2\/media?parent=22779"}],"curies":[{"name":"wp","href":"https:\/\/api.w.org\/{rel}","templated":true}]}}