{"id":22820,"date":"2019-11-26T16:37:58","date_gmt":"2019-11-26T15:37:58","guid":{"rendered":"https:\/\/berenyisoft.com\/karrier\/"},"modified":"2019-11-26T16:37:58","modified_gmt":"2019-11-26T15:37:58","slug":"karrier","status":"publish","type":"page","link":"https:\/\/berenyisoft.com\/en\/karrier\/","title":{"rendered":"Karrier"},"content":{"rendered":"\t\t<div data-elementor-type=\"wp-page\" data-elementor-id=\"22820\" class=\"elementor elementor-22820 elementor-6950\" data-elementor-post-type=\"page\">\n\t\t\t\t\t\t<section class=\"elementor-section elementor-top-section elementor-element elementor-element-d929280 elementor-section-boxed elementor-section-height-default elementor-section-height-default\" data-id=\"d929280\" data-element_type=\"section\" data-e-type=\"section\">\n\t\t\t\t\t\t<div class=\"elementor-container elementor-column-gap-default\">\n\t\t\t\t\t<div class=\"elementor-column elementor-col-100 elementor-top-column elementor-element elementor-element-5d92a36\" data-id=\"5d92a36\" data-element_type=\"column\" data-e-type=\"column\">\n\t\t\t<div class=\"elementor-widget-wrap elementor-element-populated\">\n\t\t\t\t\t\t<div class=\"elementor-element elementor-element-f5d9e61 elementor-widget elementor-widget-heading\" data-id=\"f5d9e61\" data-element_type=\"widget\" data-e-type=\"widget\" data-widget_type=\"heading.default\">\n\t\t\t\t<div class=\"elementor-widget-container\">\n\t\t\t\t\t<h2 class=\"elementor-heading-title elementor-size-default\">Aktu\u00e1lisan nyitott poz\u00edci\u00f3ink<\/h2>\t\t\t\t<\/div>\n\t\t\t\t<\/div>\n\t\t\t\t\t<\/div>\n\t\t<\/div>\n\t\t\t\t\t<\/div>\n\t\t<\/section>\n\t\t\t\t<section class=\"elementor-section elementor-top-section elementor-element elementor-element-be0e520 elementor-section-boxed elementor-section-height-default elementor-section-height-default\" data-id=\"be0e520\" data-element_type=\"section\" data-e-type=\"section\">\n\t\t\t\t\t\t<div class=\"elementor-container elementor-column-gap-default\">\n\t\t\t\t\t<div class=\"elementor-column elementor-col-100 elementor-top-column elementor-element elementor-element-eb4ed93\" data-id=\"eb4ed93\" data-element_type=\"column\" data-e-type=\"column\">\n\t\t\t<div class=\"elementor-widget-wrap elementor-element-populated\">\n\t\t\t\t\t\t<div class=\"elementor-element elementor-element-ae23a5f elementor-widget elementor-widget-text-editor\" data-id=\"ae23a5f\" data-element_type=\"widget\" data-e-type=\"widget\" data-widget_type=\"text-editor.default\">\n\t\t\t\t<div class=\"elementor-widget-container\">\n\t\t\t\t\t\t\t\t\t<p style=\"text-align: center;\"><span style=\"color: #ff0000;\"><strong><em>Jelenleg nincs bet\u00f6lt\u00e9sre v\u00e1r\u00f3<\/em>\u00a0poz\u00edci\u00f3\u00a0<em>c\u00e9g\u00fcnkn\u00e9l<\/em>.\u00a0<\/strong><\/span><\/p>\t\t\t\t\t\t\t\t<\/div>\n\t\t\t\t<\/div>\n\t\t\t\t\t<\/div>\n\t\t<\/div>\n\t\t\t\t\t<\/div>\n\t\t<\/section>\n\t\t\t\t<\/div>\n\t\t","protected":false},"excerpt":{"rendered":"<p>Aktu\u00e1lisan nyitott poz\u00edci\u00f3ink Jelenleg nincs bet\u00f6lt\u00e9sre v\u00e1r\u00f3\u00a0poz\u00edci\u00f3\u00a0c\u00e9g\u00fcnkn\u00e9l.\u00a0<\/p>\n","protected":false},"author":1,"featured_media":0,"parent":0,"menu_order":0,"comment_status":"closed","ping_status":"closed","template":"","meta":{"_monsterinsights_skip_tracking":false,"_monsterinsights_sitenote_active":false,"_monsterinsights_sitenote_note":"","_monsterinsights_sitenote_category":0,"footnotes":""},"class_list":["post-22820","page","type-page","status-publish","hentry"],"yoast_head":"<!-- This site is optimized with the Yoast SEO plugin v27.5 - https:\/\/yoast.com\/product\/yoast-seo-wordpress\/ -->\n<title>Karrier - Ber\u00e9nyiSoft Kft.<\/title>\n<meta name=\"robots\" content=\"index, follow, max-snippet:-1, max-image-preview:large, max-video-preview:-1\" \/>\n<link rel=\"canonical\" href=\"https:\/\/berenyisoft.com\/en\/karrier\/\" \/>\n<meta property=\"og:locale\" content=\"en_US\" \/>\n<meta property=\"og:type\" content=\"article\" \/>\n<meta property=\"og:title\" content=\"Karrier - Ber\u00e9nyiSoft Kft.\" \/>\n<meta property=\"og:description\" content=\"Aktu\u00e1lisan nyitott poz\u00edci\u00f3ink Jelenleg nincs bet\u00f6lt\u00e9sre v\u00e1r\u00f3\u00a0poz\u00edci\u00f3\u00a0c\u00e9g\u00fcnkn\u00e9l.\u00a0\" \/>\n<meta property=\"og:url\" content=\"https:\/\/berenyisoft.com\/en\/karrier\/\" \/>\n<meta property=\"og:site_name\" content=\"Ber\u00e9nyiSoft Kft.\" \/>\n<meta property=\"article:publisher\" content=\"https:\/\/www.facebook.com\/berenyisoftware\/\" \/>\n<meta name=\"twitter:card\" content=\"summary_large_image\" \/>\n<script type=\"application\/ld+json\" class=\"yoast-schema-graph\">{\"@context\":\"https:\\\/\\\/schema.org\",\"@graph\":[{\"@type\":\"WebPage\",\"@id\":\"https:\\\/\\\/berenyisoft.com\\\/en\\\/karrier\\\/\",\"url\":\"https:\\\/\\\/berenyisoft.com\\\/en\\\/karrier\\\/\",\"name\":\"Karrier - Ber\u00e9nyiSoft Kft.\",\"isPartOf\":{\"@id\":\"https:\\\/\\\/berenyisoft.com\\\/en\\\/#website\"},\"datePublished\":\"2019-11-26T15:37:58+00:00\",\"breadcrumb\":{\"@id\":\"https:\\\/\\\/berenyisoft.com\\\/en\\\/karrier\\\/#breadcrumb\"},\"inLanguage\":\"en-US\",\"potentialAction\":[{\"@type\":\"ReadAction\",\"target\":[\"https:\\\/\\\/berenyisoft.com\\\/en\\\/karrier\\\/\"]}]},{\"@type\":\"BreadcrumbList\",\"@id\":\"https:\\\/\\\/berenyisoft.com\\\/en\\\/karrier\\\/#breadcrumb\",\"itemListElement\":[{\"@type\":\"ListItem\",\"position\":1,\"name\":\"Home\",\"item\":\"https:\\\/\\\/berenyisoft.com\\\/en\\\/\"},{\"@type\":\"ListItem\",\"position\":2,\"name\":\"Karrier\"}]},{\"@type\":\"WebSite\",\"@id\":\"https:\\\/\\\/berenyisoft.com\\\/en\\\/#website\",\"url\":\"https:\\\/\\\/berenyisoft.com\\\/en\\\/\",\"name\":\"Ber\u00e9nyiSoft Kft.\",\"description\":\"Egyedi szoftvermegold\u00e1sok, \u00fczleti sikerre tervezve.\",\"publisher\":{\"@id\":\"https:\\\/\\\/berenyisoft.com\\\/en\\\/#organization\"},\"potentialAction\":[{\"@type\":\"SearchAction\",\"target\":{\"@type\":\"EntryPoint\",\"urlTemplate\":\"https:\\\/\\\/berenyisoft.com\\\/en\\\/?s={search_term_string}\"},\"query-input\":{\"@type\":\"PropertyValueSpecification\",\"valueRequired\":true,\"valueName\":\"search_term_string\"}}],\"inLanguage\":\"en-US\"},{\"@type\":\"Organization\",\"@id\":\"https:\\\/\\\/berenyisoft.com\\\/en\\\/#organization\",\"name\":\"BerenyiSoft Kft.\",\"url\":\"https:\\\/\\\/berenyisoft.com\\\/en\\\/\",\"logo\":{\"@type\":\"ImageObject\",\"inLanguage\":\"en-US\",\"@id\":\"https:\\\/\\\/berenyisoft.com\\\/en\\\/#\\\/schema\\\/logo\\\/image\\\/\",\"url\":\"https:\\\/\\\/berenyisoft.com\\\/wp-content\\\/uploads\\\/2019\\\/02\\\/BerenyiShop.png\",\"contentUrl\":\"https:\\\/\\\/berenyisoft.com\\\/wp-content\\\/uploads\\\/2019\\\/02\\\/BerenyiShop.png\",\"width\":300,\"height\":300,\"caption\":\"BerenyiSoft Kft.\"},\"image\":{\"@id\":\"https:\\\/\\\/berenyisoft.com\\\/en\\\/#\\\/schema\\\/logo\\\/image\\\/\"},\"sameAs\":[\"https:\\\/\\\/www.facebook.com\\\/berenyisoftware\\\/\",\"https:\\\/\\\/www.instagram.com\\\/berenyisoftware\\\/\",\"https:\\\/\\\/www.linkedin.com\\\/in\\\/berenyiimre\\\/\"]}]}<\/script>\n<!-- \/ Yoast SEO plugin. -->","yoast_head_json":{"title":"Karrier - Ber\u00e9nyiSoft Kft.","robots":{"index":"index","follow":"follow","max-snippet":"max-snippet:-1","max-image-preview":"max-image-preview:large","max-video-preview":"max-video-preview:-1"},"canonical":"https:\/\/berenyisoft.com\/en\/karrier\/","og_locale":"en_US","og_type":"article","og_title":"Karrier - Ber\u00e9nyiSoft Kft.","og_description":"Aktu\u00e1lisan nyitott poz\u00edci\u00f3ink Jelenleg nincs bet\u00f6lt\u00e9sre v\u00e1r\u00f3\u00a0poz\u00edci\u00f3\u00a0c\u00e9g\u00fcnkn\u00e9l.\u00a0","og_url":"https:\/\/berenyisoft.com\/en\/karrier\/","og_site_name":"Ber\u00e9nyiSoft Kft.","article_publisher":"https:\/\/www.facebook.com\/berenyisoftware\/","twitter_card":"summary_large_image","schema":{"@context":"https:\/\/schema.org","@graph":[{"@type":"WebPage","@id":"https:\/\/berenyisoft.com\/en\/karrier\/","url":"https:\/\/berenyisoft.com\/en\/karrier\/","name":"Karrier - Ber\u00e9nyiSoft Kft.","isPartOf":{"@id":"https:\/\/berenyisoft.com\/en\/#website"},"datePublished":"2019-11-26T15:37:58+00:00","breadcrumb":{"@id":"https:\/\/berenyisoft.com\/en\/karrier\/#breadcrumb"},"inLanguage":"en-US","potentialAction":[{"@type":"ReadAction","target":["https:\/\/berenyisoft.com\/en\/karrier\/"]}]},{"@type":"BreadcrumbList","@id":"https:\/\/berenyisoft.com\/en\/karrier\/#breadcrumb","itemListElement":[{"@type":"ListItem","position":1,"name":"Home","item":"https:\/\/berenyisoft.com\/en\/"},{"@type":"ListItem","position":2,"name":"Karrier"}]},{"@type":"WebSite","@id":"https:\/\/berenyisoft.com\/en\/#website","url":"https:\/\/berenyisoft.com\/en\/","name":"Ber\u00e9nyiSoft Kft.","description":"Egyedi szoftvermegold\u00e1sok, \u00fczleti sikerre tervezve.","publisher":{"@id":"https:\/\/berenyisoft.com\/en\/#organization"},"potentialAction":[{"@type":"SearchAction","target":{"@type":"EntryPoint","urlTemplate":"https:\/\/berenyisoft.com\/en\/?s={search_term_string}"},"query-input":{"@type":"PropertyValueSpecification","valueRequired":true,"valueName":"search_term_string"}}],"inLanguage":"en-US"},{"@type":"Organization","@id":"https:\/\/berenyisoft.com\/en\/#organization","name":"BerenyiSoft Kft.","url":"https:\/\/berenyisoft.com\/en\/","logo":{"@type":"ImageObject","inLanguage":"en-US","@id":"https:\/\/berenyisoft.com\/en\/#\/schema\/logo\/image\/","url":"https:\/\/berenyisoft.com\/wp-content\/uploads\/2019\/02\/BerenyiShop.png","contentUrl":"https:\/\/berenyisoft.com\/wp-content\/uploads\/2019\/02\/BerenyiShop.png","width":300,"height":300,"caption":"BerenyiSoft Kft."},"image":{"@id":"https:\/\/berenyisoft.com\/en\/#\/schema\/logo\/image\/"},"sameAs":["https:\/\/www.facebook.com\/berenyisoftware\/","https:\/\/www.instagram.com\/berenyisoftware\/","https:\/\/www.linkedin.com\/in\/berenyiimre\/"]}]}},"_links":{"self":[{"href":"https:\/\/berenyisoft.com\/en\/wp-json\/wp\/v2\/pages\/22820","targetHints":{"allow":["GET"]}}],"collection":[{"href":"https:\/\/berenyisoft.com\/en\/wp-json\/wp\/v2\/pages"}],"about":[{"href":"https:\/\/berenyisoft.com\/en\/wp-json\/wp\/v2\/types\/page"}],"author":[{"embeddable":true,"href":"https:\/\/berenyisoft.com\/en\/wp-json\/wp\/v2\/users\/1"}],"replies":[{"embeddable":true,"href":"https:\/\/berenyisoft.com\/en\/wp-json\/wp\/v2\/comments?post=22820"}],"version-history":[{"count":0,"href":"https:\/\/berenyisoft.com\/en\/wp-json\/wp\/v2\/pages\/22820\/revisions"}],"wp:attachment":[{"href":"https:\/\/berenyisoft.com\/en\/wp-json\/wp\/v2\/media?parent=22820"}],"curies":[{"name":"wp","href":"https:\/\/api.w.org\/{rel}","templated":true}]}}